{"id":10092,"date":"2025-08-18T14:28:00","date_gmt":"2025-08-18T11:28:00","guid":{"rendered":"https:\/\/pood.tartuh.ee\/t-sark-anatoomilise-sudamega-2\/"},"modified":"2026-05-06T03:00:19","modified_gmt":"2026-05-06T00:00:19","slug":"t-sark-anatoomilise-sudamega-2","status":"publish","type":"product","link":"https:\/\/pood.tartuh.ee\/en\/t-sark-anatoomilise-sudamega-2\/","title":{"rendered":"T-s\u00e4rk anatoomilise s\u00fcdamega"},"content":{"rendered":"","protected":false},"excerpt":{"rendered":"<p>Mugav ja pehme OVERSIZED T-s\u00e4rk, mida kaunistab anatoomilise s\u00fcdame illustratsioon \u2013 ideaalne valik tervishoiuhuvilisele, kes soovib stiilselt oma huvi anatoomia vastu n\u00e4idata. <\/p>\n<p>S\u00e4rk on valmistatud kammitud orgaanilisest puuvillast, mis tagab suure kandmismugavuse, kvaliteedi ja pika eluea. <\/p>\n<p>Omadused:<br \/>\n\u2013 Suurus: unisex<br \/>\n\u2013 Disain: anatoomiline s\u00fcda<br \/>\n\u2013 Materjal: 100% orgaaniline puuvill <\/p>\n<p>Kanna T-s\u00e4rki mugavalt igap\u00e4evaselt ja v\u00e4ljenda oma teaduslikku huvi stiilselt! <\/p>\n","protected":false},"featured_media":10301,"comment_status":"open","ping_status":"closed","template":"","meta":{"_acf_changed":false,"inline_featured_image":false,"_uf_show_specific_survey":0,"_uf_disable_surveys":false},"product_brand":[],"product_cat":[15],"product_tag":[],"class_list":{"0":"post-10092","1":"product","2":"type-product","3":"status-publish","4":"has-post-thumbnail","6":"product_cat-uncategorized","8":"first","9":"instock","10":"shipping-taxable","11":"purchasable","12":"product-type-variable"},"acf":[],"_links":{"self":[{"href":"https:\/\/pood.tartuh.ee\/en\/wp-json\/wp\/v2\/product\/10092","targetHints":{"allow":["GET"]}}],"collection":[{"href":"https:\/\/pood.tartuh.ee\/en\/wp-json\/wp\/v2\/product"}],"about":[{"href":"https:\/\/pood.tartuh.ee\/en\/wp-json\/wp\/v2\/types\/product"}],"replies":[{"embeddable":true,"href":"https:\/\/pood.tartuh.ee\/en\/wp-json\/wp\/v2\/comments?post=10092"}],"wp:featuredmedia":[{"embeddable":true,"href":"https:\/\/pood.tartuh.ee\/en\/wp-json\/wp\/v2\/media\/10301"}],"wp:attachment":[{"href":"https:\/\/pood.tartuh.ee\/en\/wp-json\/wp\/v2\/media?parent=10092"}],"wp:term":[{"taxonomy":"product_brand","embeddable":true,"href":"https:\/\/pood.tartuh.ee\/en\/wp-json\/wp\/v2\/product_brand?post=10092"},{"taxonomy":"product_cat","embeddable":true,"href":"https:\/\/pood.tartuh.ee\/en\/wp-json\/wp\/v2\/product_cat?post=10092"},{"taxonomy":"product_tag","embeddable":true,"href":"https:\/\/pood.tartuh.ee\/en\/wp-json\/wp\/v2\/product_tag?post=10092"}],"curies":[{"name":"wp","href":"https:\/\/api.w.org\/{rel}","templated":true}]}}