{"id":10095,"date":"2025-08-18T14:28:12","date_gmt":"2025-08-18T11:28:12","guid":{"rendered":"https:\/\/pood.tartuh.ee\/t-sark-anatoomilise-sudame-ja-lilledega-2\/"},"modified":"2026-05-04T11:46:39","modified_gmt":"2026-05-04T08:46:39","slug":"t-sark-anatoomilise-sudame-ja-lilledega-2","status":"publish","type":"product","link":"https:\/\/pood.tartuh.ee\/en\/t-sark-anatoomilise-sudame-ja-lilledega-2\/","title":{"rendered":"T-s\u00e4rk anatoomilise s\u00fcdame ja lilledega"},"content":{"rendered":"","protected":false},"excerpt":{"rendered":"<p>Mugav ja pehme OVERSIZED T-s\u00e4rk, mida kaunistab anatoomilise s\u00fcdame ja lillede illustratsioon \u2013 ideaalne valik tervishoiuhuvilisele, kes hindab stiili ja harivat disaini. <\/p>\n<p>S\u00e4rk on valmistatud kammitud orgaanilisest puuvillast, mis tagab suurep\u00e4rase kandmismugavuse, kvaliteedi ja pika eluea. <\/p>\n<p>Omadused:<br \/>\n\u2013 Suurus: unisex<br \/>\n\u2013 Disain: anatoomiline s\u00fcda ja lilled<br \/>\n\u2013 Materjal: 100% orgaaniline puuvill <\/p>\n<p>Kanna T-s\u00e4rki stiilselt ja mugavalt, n\u00e4idates huvi anatoomia vastu igap\u00e4evaselt! <\/p>\n","protected":false},"featured_media":10319,"comment_status":"open","ping_status":"closed","template":"","meta":{"_acf_changed":false,"inline_featured_image":false,"_uf_show_specific_survey":0,"_uf_disable_surveys":false},"product_brand":[],"product_cat":[15],"product_tag":[],"class_list":{"0":"post-10095","1":"product","2":"type-product","3":"status-publish","4":"has-post-thumbnail","6":"product_cat-uncategorized","8":"first","9":"instock","10":"shipping-taxable","11":"purchasable","12":"product-type-variable"},"acf":[],"_links":{"self":[{"href":"https:\/\/pood.tartuh.ee\/en\/wp-json\/wp\/v2\/product\/10095","targetHints":{"allow":["GET"]}}],"collection":[{"href":"https:\/\/pood.tartuh.ee\/en\/wp-json\/wp\/v2\/product"}],"about":[{"href":"https:\/\/pood.tartuh.ee\/en\/wp-json\/wp\/v2\/types\/product"}],"replies":[{"embeddable":true,"href":"https:\/\/pood.tartuh.ee\/en\/wp-json\/wp\/v2\/comments?post=10095"}],"wp:featuredmedia":[{"embeddable":true,"href":"https:\/\/pood.tartuh.ee\/en\/wp-json\/wp\/v2\/media\/10319"}],"wp:attachment":[{"href":"https:\/\/pood.tartuh.ee\/en\/wp-json\/wp\/v2\/media?parent=10095"}],"wp:term":[{"taxonomy":"product_brand","embeddable":true,"href":"https:\/\/pood.tartuh.ee\/en\/wp-json\/wp\/v2\/product_brand?post=10095"},{"taxonomy":"product_cat","embeddable":true,"href":"https:\/\/pood.tartuh.ee\/en\/wp-json\/wp\/v2\/product_cat?post=10095"},{"taxonomy":"product_tag","embeddable":true,"href":"https:\/\/pood.tartuh.ee\/en\/wp-json\/wp\/v2\/product_tag?post=10095"}],"curies":[{"name":"wp","href":"https:\/\/api.w.org\/{rel}","templated":true}]}}