{"id":2042,"date":"2023-12-19T14:23:28","date_gmt":"2023-12-19T12:23:28","guid":{"rendered":"https:\/\/pood.tartuh.ee\/joogipudel\/"},"modified":"2026-03-18T14:38:56","modified_gmt":"2026-03-18T12:38:56","slug":"joogipudel","status":"publish","type":"product","link":"https:\/\/pood.tartuh.ee\/en\/joogipudel\/","title":{"rendered":"Joogipudel"},"content":{"rendered":"<p>Joogipudel \u00fcldkirjeldus pikem<\/p>\n","protected":false},"excerpt":{"rendered":"<p>Stiilne ja praktiline valge v\u00f5i must joogipudel, mida kaunistavad kuldsed detailid ja \u201eS\u00fcda \u00f5ige koha peal\u201c logo. Ideaalne kaaslane loengusse, trenni v\u00f5i t\u00f6\u00f6le, hoides jooki just parajal temperatuuril. <\/p>\n<p>Termospudel hoiab joogi soojana kuni 5 tundi ja k\u00fclmana kuni 15 tundi, olles samal ajal vastupidav ja keskkonnas\u00f5bralik valik. <\/p>\n<p>Omadused:<br \/>\n\u2013 V\u00e4rvid: valge v\u00f5i must<br \/>\n\u2013 Disain: kuldsed detailid ja \u201eS\u00fcda \u00f5ige koha peal\u201c logo<br \/>\n\u2013 Materjal: roostevaba teras<br \/>\n\u2013 Hoiab joogi soojana 5 tundi, k\u00fclmana 15 tundi <\/p>\n<p>Nauti oma lemmikjooki igal ajal ja k\u00f5ikjal stiilselt! <\/p>\n","protected":false},"featured_media":3025,"comment_status":"open","ping_status":"closed","template":"","meta":{"_acf_changed":false,"inline_featured_image":false,"_uf_show_specific_survey":0,"_uf_disable_surveys":false},"product_brand":[],"product_cat":[15],"product_tag":[],"class_list":{"0":"post-2042","1":"product","2":"type-product","3":"status-publish","4":"has-post-thumbnail","6":"product_cat-uncategorized","8":"first","9":"instock","10":"shipping-taxable","11":"purchasable","12":"product-type-variable"},"acf":[],"_links":{"self":[{"href":"https:\/\/pood.tartuh.ee\/en\/wp-json\/wp\/v2\/product\/2042","targetHints":{"allow":["GET"]}}],"collection":[{"href":"https:\/\/pood.tartuh.ee\/en\/wp-json\/wp\/v2\/product"}],"about":[{"href":"https:\/\/pood.tartuh.ee\/en\/wp-json\/wp\/v2\/types\/product"}],"replies":[{"embeddable":true,"href":"https:\/\/pood.tartuh.ee\/en\/wp-json\/wp\/v2\/comments?post=2042"}],"wp:featuredmedia":[{"embeddable":true,"href":"https:\/\/pood.tartuh.ee\/en\/wp-json\/wp\/v2\/media\/3025"}],"wp:attachment":[{"href":"https:\/\/pood.tartuh.ee\/en\/wp-json\/wp\/v2\/media?parent=2042"}],"wp:term":[{"taxonomy":"product_brand","embeddable":true,"href":"https:\/\/pood.tartuh.ee\/en\/wp-json\/wp\/v2\/product_brand?post=2042"},{"taxonomy":"product_cat","embeddable":true,"href":"https:\/\/pood.tartuh.ee\/en\/wp-json\/wp\/v2\/product_cat?post=2042"},{"taxonomy":"product_tag","embeddable":true,"href":"https:\/\/pood.tartuh.ee\/en\/wp-json\/wp\/v2\/product_tag?post=2042"}],"curies":[{"name":"wp","href":"https:\/\/api.w.org\/{rel}","templated":true}]}}