{"id":2102,"date":"2024-01-08T11:40:35","date_gmt":"2024-01-08T09:40:35","guid":{"rendered":"https:\/\/pood.tartuh.ee\/ratik-viskemang\/"},"modified":"2026-03-18T14:38:16","modified_gmt":"2026-03-18T12:38:16","slug":"ratik-viskemang","status":"publish","type":"product","link":"https:\/\/pood.tartuh.ee\/en\/ratik-viskemang\/","title":{"rendered":"R\u00e4tik\/viskem\u00e4ng"},"content":{"rendered":"","protected":false},"excerpt":{"rendered":"<p>L\u00f5bus ja praktiline r\u00e4tik\/viskem\u00e4ng, mis sobib nii \u00f5ue m\u00e4ngimiseks kui ka siseruumides l\u00f5\u00f5gastumiseks. Ideaalne vahend aktiivseks vaba aja veetmiseks, grupim\u00e4ngudeks v\u00f5i lihtsalt l\u00f5busaks vahepalaks \u00f5ppet\u00f6\u00f6 k\u00f5rvale. <\/p>\n<p>Kvaliteetne materjal tagab vastupidavuse ja mugava k\u00e4epidamise, v\u00f5imaldades t\u00e4pset viset ning palju korduvkasutust. <\/p>\n<p>Omadused:<br \/>\n\u2013 Multifunktsionaalne: r\u00e4tik ja viskem\u00e4ng \u00fches<br \/>\n\u2013 Sobib siseruumidesse ja \u00f5ue<br \/>\n\u2013 Vastupidav ja mugav kasutada <\/p>\n<p>Tunne m\u00e4ngur\u00f5\u00f5mu ja naudi aktiivset vaba aega \u2013 m\u00e4ngi, viska ja naerata! <\/p>\n","protected":false},"featured_media":18846,"comment_status":"open","ping_status":"closed","template":"","meta":{"_acf_changed":false,"inline_featured_image":false,"_uf_show_specific_survey":0,"_uf_disable_surveys":false},"product_brand":[],"product_cat":[15],"product_tag":[],"class_list":{"0":"post-2102","1":"product","2":"type-product","3":"status-publish","4":"has-post-thumbnail","6":"product_cat-uncategorized","8":"first","9":"instock","10":"shipping-taxable","11":"purchasable","12":"product-type-simple"},"acf":[],"_links":{"self":[{"href":"https:\/\/pood.tartuh.ee\/en\/wp-json\/wp\/v2\/product\/2102","targetHints":{"allow":["GET"]}}],"collection":[{"href":"https:\/\/pood.tartuh.ee\/en\/wp-json\/wp\/v2\/product"}],"about":[{"href":"https:\/\/pood.tartuh.ee\/en\/wp-json\/wp\/v2\/types\/product"}],"replies":[{"embeddable":true,"href":"https:\/\/pood.tartuh.ee\/en\/wp-json\/wp\/v2\/comments?post=2102"}],"wp:featuredmedia":[{"embeddable":true,"href":"https:\/\/pood.tartuh.ee\/en\/wp-json\/wp\/v2\/media\/18846"}],"wp:attachment":[{"href":"https:\/\/pood.tartuh.ee\/en\/wp-json\/wp\/v2\/media?parent=2102"}],"wp:term":[{"taxonomy":"product_brand","embeddable":true,"href":"https:\/\/pood.tartuh.ee\/en\/wp-json\/wp\/v2\/product_brand?post=2102"},{"taxonomy":"product_cat","embeddable":true,"href":"https:\/\/pood.tartuh.ee\/en\/wp-json\/wp\/v2\/product_cat?post=2102"},{"taxonomy":"product_tag","embeddable":true,"href":"https:\/\/pood.tartuh.ee\/en\/wp-json\/wp\/v2\/product_tag?post=2102"}],"curies":[{"name":"wp","href":"https:\/\/api.w.org\/{rel}","templated":true}]}}