{"id":2107,"date":"2024-01-08T12:55:30","date_gmt":"2024-01-08T10:55:30","guid":{"rendered":"https:\/\/pood.tartuh.ee\/must-pusa-heart-in-the-right-place\/"},"modified":"2026-04-09T16:25:45","modified_gmt":"2026-04-09T13:25:45","slug":"must-pusa-heart-in-the-right-place","status":"publish","type":"product","link":"https:\/\/pood.tartuh.ee\/en\/must-pusa-heart-in-the-right-place\/","title":{"rendered":"Must pusa \u201eHeart in the Right Place\u201c"},"content":{"rendered":"","protected":false},"excerpt":{"rendered":"<p>Mugav ja stiilne must pusa, mida kaunistab kuldne \u201eHeart in the Right Place\u201c tr\u00fckk. Pehme ja kvaliteetne materjal teeb pusast ideaalse valiku igap\u00e4evaseks kandmiseks, olgu see kodus, koolis v\u00f5i vabal ajal. <\/p>\n<p>Klassikaline unisex l\u00f5ige tagab hea istuvuse ning kandmismugavuse igal sammul. <\/p>\n<p>Omadused:<br \/>\n\u2013 V\u00e4rvus: must<br \/>\n\u2013 Disain: kuldne \u201eHeart in the Right Place\u201c tr\u00fckk<br \/>\n\u2013 Suurus: unisex<br \/>\n\u2013 Materjal: 80% puuvill, 20% pol\u00fcester <\/p>\n<p>Lisa garderoobile stiili ja mugavust \u2013 kanna pusa, mis \u00fctleb, et s\u00fcda on \u00f5iges kohas! <\/p>\n","protected":false},"featured_media":2592,"comment_status":"open","ping_status":"closed","template":"","meta":{"_acf_changed":false,"inline_featured_image":false,"_uf_show_specific_survey":0,"_uf_disable_surveys":false},"product_brand":[],"product_cat":[15],"product_tag":[],"class_list":{"0":"post-2107","1":"product","2":"type-product","3":"status-publish","4":"has-post-thumbnail","6":"product_cat-uncategorized","8":"first","9":"instock","10":"shipping-taxable","11":"purchasable","12":"product-type-variable"},"acf":[],"_links":{"self":[{"href":"https:\/\/pood.tartuh.ee\/en\/wp-json\/wp\/v2\/product\/2107","targetHints":{"allow":["GET"]}}],"collection":[{"href":"https:\/\/pood.tartuh.ee\/en\/wp-json\/wp\/v2\/product"}],"about":[{"href":"https:\/\/pood.tartuh.ee\/en\/wp-json\/wp\/v2\/types\/product"}],"replies":[{"embeddable":true,"href":"https:\/\/pood.tartuh.ee\/en\/wp-json\/wp\/v2\/comments?post=2107"}],"wp:featuredmedia":[{"embeddable":true,"href":"https:\/\/pood.tartuh.ee\/en\/wp-json\/wp\/v2\/media\/2592"}],"wp:attachment":[{"href":"https:\/\/pood.tartuh.ee\/en\/wp-json\/wp\/v2\/media?parent=2107"}],"wp:term":[{"taxonomy":"product_brand","embeddable":true,"href":"https:\/\/pood.tartuh.ee\/en\/wp-json\/wp\/v2\/product_brand?post=2107"},{"taxonomy":"product_cat","embeddable":true,"href":"https:\/\/pood.tartuh.ee\/en\/wp-json\/wp\/v2\/product_cat?post=2107"},{"taxonomy":"product_tag","embeddable":true,"href":"https:\/\/pood.tartuh.ee\/en\/wp-json\/wp\/v2\/product_tag?post=2107"}],"curies":[{"name":"wp","href":"https:\/\/api.w.org\/{rel}","templated":true}]}}