{"id":2114,"date":"2024-01-08T13:48:52","date_gmt":"2024-01-08T11:48:52","guid":{"rendered":"https:\/\/pood.tartuh.ee\/pastapliiats_uus\/"},"modified":"2026-04-30T03:00:14","modified_gmt":"2026-04-30T00:00:14","slug":"pastapliiats_uus","status":"publish","type":"product","link":"https:\/\/pood.tartuh.ee\/en\/pastapliiats_uus\/","title":{"rendered":"Pastapliiats (kooli logoga)"},"content":{"rendered":"","protected":false},"excerpt":{"rendered":"<p>Praktiline ja stiilne pastapliiats, mis kannab Tartu Tervishoiu K\u00f5rgkooli logo. Sobib ideaalselt loengutes, t\u00f6\u00f6\u00fclesannetes v\u00f5i m\u00e4rkmete tegemiseks, tuues igasse kirjutamisse kooli vaimu. <\/p>\n<p>Kvaliteetne kirjutustehnika tagab sujuva ja t\u00e4pse kirjutamise, olgu tegemist kiire m\u00e4rkme v\u00f5i pikema kirjutamisega. <\/p>\n<p>Omadused:<br \/>\n\u2013 V\u00e4rvid: punane ja must<br \/>\n\u2013 Disain: Tartu Tervishoiu K\u00f5rgkooli logo<br \/>\n\u2013 Mugav kirjutamiseks igap\u00e4evases kasutuses <\/p>\n<p>Lisa oma t\u00f6\u00f6riistadele stiili ja kanna uhkusega kooli logo igal kirjutamisel! <\/p>\n","protected":false},"featured_media":2682,"comment_status":"open","ping_status":"closed","template":"","meta":{"_acf_changed":false,"inline_featured_image":false,"_uf_show_specific_survey":0,"_uf_disable_surveys":false},"product_brand":[],"product_cat":[15],"product_tag":[],"class_list":{"0":"post-2114","1":"product","2":"type-product","3":"status-publish","4":"has-post-thumbnail","6":"product_cat-uncategorized","8":"first","9":"instock","10":"shipping-taxable","11":"purchasable","12":"product-type-variable"},"acf":[],"_links":{"self":[{"href":"https:\/\/pood.tartuh.ee\/en\/wp-json\/wp\/v2\/product\/2114","targetHints":{"allow":["GET"]}}],"collection":[{"href":"https:\/\/pood.tartuh.ee\/en\/wp-json\/wp\/v2\/product"}],"about":[{"href":"https:\/\/pood.tartuh.ee\/en\/wp-json\/wp\/v2\/types\/product"}],"replies":[{"embeddable":true,"href":"https:\/\/pood.tartuh.ee\/en\/wp-json\/wp\/v2\/comments?post=2114"}],"wp:featuredmedia":[{"embeddable":true,"href":"https:\/\/pood.tartuh.ee\/en\/wp-json\/wp\/v2\/media\/2682"}],"wp:attachment":[{"href":"https:\/\/pood.tartuh.ee\/en\/wp-json\/wp\/v2\/media?parent=2114"}],"wp:term":[{"taxonomy":"product_brand","embeddable":true,"href":"https:\/\/pood.tartuh.ee\/en\/wp-json\/wp\/v2\/product_brand?post=2114"},{"taxonomy":"product_cat","embeddable":true,"href":"https:\/\/pood.tartuh.ee\/en\/wp-json\/wp\/v2\/product_cat?post=2114"},{"taxonomy":"product_tag","embeddable":true,"href":"https:\/\/pood.tartuh.ee\/en\/wp-json\/wp\/v2\/product_tag?post=2114"}],"curies":[{"name":"wp","href":"https:\/\/api.w.org\/{rel}","templated":true}]}}