{"id":2127,"date":"2024-01-08T15:34:56","date_gmt":"2024-01-08T13:34:56","guid":{"rendered":"https:\/\/pood.tartuh.ee\/punane-t-sark-suda-oige-koha-peal\/"},"modified":"2026-04-30T03:00:15","modified_gmt":"2026-04-30T00:00:15","slug":"punane-t-sark-suda-oige-koha-peal","status":"publish","type":"product","link":"https:\/\/pood.tartuh.ee\/en\/punane-t-sark-suda-oige-koha-peal\/","title":{"rendered":"Punane T-s\u00e4rk &#8220;S\u00fcda \u00f5ige koha peal&#8221;"},"content":{"rendered":"","protected":false},"excerpt":{"rendered":"<p>V\u00e4rske ja mugav punane T-s\u00e4rk, mida kaunistab ees valge \u201eS\u00fcda \u00f5ige koha peal\u201c illustratsioon. Ideaalne igap\u00e4evaseks kandmiseks v\u00f5i kooli vaimu n\u00e4itamiseks stiilselt ja l\u00f5busalt. <\/p>\n<p>Kvaliteetne puuvill tagab pehmuse, hingavuse ja kandmismugavuse kogu p\u00e4eva jooksul. <\/p>\n<p>Omadused:<br \/>\n\u2013 V\u00e4rvus: punane<br \/>\n\u2013 Disain: ees valge \u201eS\u00fcda \u00f5ige koha peal\u201c illustratsioon<br \/>\n\u2013 Suurus: unisex<br \/>\n\u2013 Materjal: 100% puuvill <\/p>\n<p>Lisa oma garderoobi s\u00e4rtsakust ja kanna T-s\u00e4rki, mis on t\u00e4pselt \u00f5igel kohal <\/p>\n","protected":false},"featured_media":2578,"comment_status":"open","ping_status":"closed","template":"","meta":{"_acf_changed":false,"inline_featured_image":false,"_uf_show_specific_survey":0,"_uf_disable_surveys":false},"product_brand":[],"product_cat":[15],"product_tag":[],"class_list":{"0":"post-2127","1":"product","2":"type-product","3":"status-publish","4":"has-post-thumbnail","6":"product_cat-uncategorized","8":"first","9":"instock","10":"shipping-taxable","11":"purchasable","12":"product-type-variable"},"acf":[],"_links":{"self":[{"href":"https:\/\/pood.tartuh.ee\/en\/wp-json\/wp\/v2\/product\/2127","targetHints":{"allow":["GET"]}}],"collection":[{"href":"https:\/\/pood.tartuh.ee\/en\/wp-json\/wp\/v2\/product"}],"about":[{"href":"https:\/\/pood.tartuh.ee\/en\/wp-json\/wp\/v2\/types\/product"}],"replies":[{"embeddable":true,"href":"https:\/\/pood.tartuh.ee\/en\/wp-json\/wp\/v2\/comments?post=2127"}],"wp:featuredmedia":[{"embeddable":true,"href":"https:\/\/pood.tartuh.ee\/en\/wp-json\/wp\/v2\/media\/2578"}],"wp:attachment":[{"href":"https:\/\/pood.tartuh.ee\/en\/wp-json\/wp\/v2\/media?parent=2127"}],"wp:term":[{"taxonomy":"product_brand","embeddable":true,"href":"https:\/\/pood.tartuh.ee\/en\/wp-json\/wp\/v2\/product_brand?post=2127"},{"taxonomy":"product_cat","embeddable":true,"href":"https:\/\/pood.tartuh.ee\/en\/wp-json\/wp\/v2\/product_cat?post=2127"},{"taxonomy":"product_tag","embeddable":true,"href":"https:\/\/pood.tartuh.ee\/en\/wp-json\/wp\/v2\/product_tag?post=2127"}],"curies":[{"name":"wp","href":"https:\/\/api.w.org\/{rel}","templated":true}]}}