{"id":2201,"date":"2024-03-11T16:32:23","date_gmt":"2024-03-11T14:32:23","guid":{"rendered":"https:\/\/pood.tartuh.ee\/softshell-jope\/"},"modified":"2026-04-09T16:25:44","modified_gmt":"2026-04-09T13:25:44","slug":"softshell-jope","status":"publish","type":"product","link":"https:\/\/pood.tartuh.ee\/en\/softshell-jope\/","title":{"rendered":"Softshell jope"},"content":{"rendered":"","protected":false},"excerpt":{"rendered":"<p>Mitmek\u00fclgne ja praktiline 3-kihiline softshell jope, mis pakub kaitset tuule ja kerge vihma eest ning sobib igap\u00e4evaseks kandmiseks v\u00f5i aktiivseteks v\u00e4litegevusteks. Eemaldatava kapuutsiga disain tagab kohandatavuse erinevates ilmastikutingimustes. <\/p>\n<p>Kvaliteetne materjal, mis sisaldab 96% taaskasutatud pol\u00fcestrit, on vastupidav, veniv ja keskkonnas\u00f5bralik, tagades liikumisvabaduse ja mugavuse. <\/p>\n<p>Omadused:<br \/>\n\u2013 Eemaldatav kapuuts<br \/>\n\u2013 3 v\u00e4listaskut, 2 sisetaskut<br \/>\n\u2013 Reguleeritavad takjapaelaga varrukad<br \/>\n\u2013 Materjal: 96% taaskasutatud pol\u00fcester, 4% spandex <\/p>\n<p>Selle jopega oled valmis igaks seikluseks, s\u00e4ilitades samal ajal stiili ja keskkonnas\u00f5bralikkuse! <\/p>\n","protected":false},"featured_media":2564,"comment_status":"open","ping_status":"closed","template":"","meta":{"_acf_changed":false,"inline_featured_image":false,"_uf_show_specific_survey":0,"_uf_disable_surveys":false},"product_brand":[],"product_cat":[15],"product_tag":[],"class_list":{"0":"post-2201","1":"product","2":"type-product","3":"status-publish","4":"has-post-thumbnail","6":"product_cat-uncategorized","8":"first","9":"instock","10":"shipping-taxable","11":"purchasable","12":"product-type-variable"},"acf":[],"_links":{"self":[{"href":"https:\/\/pood.tartuh.ee\/en\/wp-json\/wp\/v2\/product\/2201","targetHints":{"allow":["GET"]}}],"collection":[{"href":"https:\/\/pood.tartuh.ee\/en\/wp-json\/wp\/v2\/product"}],"about":[{"href":"https:\/\/pood.tartuh.ee\/en\/wp-json\/wp\/v2\/types\/product"}],"replies":[{"embeddable":true,"href":"https:\/\/pood.tartuh.ee\/en\/wp-json\/wp\/v2\/comments?post=2201"}],"wp:featuredmedia":[{"embeddable":true,"href":"https:\/\/pood.tartuh.ee\/en\/wp-json\/wp\/v2\/media\/2564"}],"wp:attachment":[{"href":"https:\/\/pood.tartuh.ee\/en\/wp-json\/wp\/v2\/media?parent=2201"}],"wp:term":[{"taxonomy":"product_brand","embeddable":true,"href":"https:\/\/pood.tartuh.ee\/en\/wp-json\/wp\/v2\/product_brand?post=2201"},{"taxonomy":"product_cat","embeddable":true,"href":"https:\/\/pood.tartuh.ee\/en\/wp-json\/wp\/v2\/product_cat?post=2201"},{"taxonomy":"product_tag","embeddable":true,"href":"https:\/\/pood.tartuh.ee\/en\/wp-json\/wp\/v2\/product_tag?post=2201"}],"curies":[{"name":"wp","href":"https:\/\/api.w.org\/{rel}","templated":true}]}}