{"id":2422,"date":"2024-03-26T15:19:37","date_gmt":"2024-03-26T13:19:37","guid":{"rendered":"https:\/\/pood.tartuh.ee\/?post_type=product&#038;p=2422"},"modified":"2024-09-25T14:30:41","modified_gmt":"2024-09-25T11:30:41","slug":"rattapuksid","status":"publish","type":"product","link":"https:\/\/pood.tartuh.ee\/en\/rattapuksid\/","title":{"rendered":"Rattap\u00fcksid"},"content":{"rendered":"","protected":false},"excerpt":{"rendered":"<h2><strong>Naiste p\u00fcksid Active 4.1<\/strong><\/h2>\n<p>Active-sarja rattap\u00fcksid teevad rattakilomeetrite kogumise mugavaks. Need vastupidavad ja kauakestvad p\u00fcksid on ergonoomilised ning naise keha j\u00e4rgi loodud l\u00f5ikega. Pikkadel rattas\u00f5itudel pakuvad Active 4.1 p\u00fcksid lihastele vajalikku kompressioontuge, mille surve on jaotatud \u00fchtlaselt. Madalad ja pehmed\u00a0<em>flatseamer<\/em>-\u00f5mblused ning spetsiaalne naistepadi muudavad ka k\u00f5ige pikemad sadulap\u00e4evad naudinguks.<\/p>\n<p>Need rattap\u00fcksid liibuvad tihedamalt \u00fcmber jalgade ja toetavad lihaseid rohkem kui Classic-sarja p\u00fcksid. P\u00fckste k\u00f5rgem v\u00f6\u00f6osa loob \u00fchtlase sujuva kehakontuuri. Uued, 75 mm laiused silikoonribad p\u00fckste allservas s\u00e4ilitavad s\u00f5idu ajal s\u00e4\u00e4repikkused, ning p\u00fcksid ei liibu seejuures \u00fcleliia tihedalt.<\/p>\n<p>Kahest erineva survetugevusega kihist koosnev naistepadi on kaetud naha jaoks eriti pehme kangaga, mis hoolitseb mugavuse eest kogu pika p\u00e4eva v\u00e4ltel.<\/p>\n<p class=\"small-bold\">Omadused:<\/p>\n<ul>\n<li>kehasse liibuv\u00a0<em>slim-fit<\/em>-l\u00f5ige<\/li>\n<li>bluesign\u00ae- ja OEKO-TEX\u00ae STANDARD 100 sertifikaadiga kangad<\/li>\n<li>p\u00e4ikesekaitsefaktor (UV) v\u00e4hemalt 50<\/li>\n<li>madala profiiliga ja \u00f5mblusvabad traksid, mis ei sooni ega rulli<\/li>\n<li>juhivad niiskust ja kuivavad kiirelt<\/li>\n<li>kahekihiline 65 kg\/m<sup>3<\/sup>\u00a0+ 120 kg\/m<sup>3<\/sup>\u00a0tugevusega anatoomiline naistepadi<\/li>\n<li>75 mm silikoonribad<\/li>\n<li>elastsed Eloflexi niidid<\/li>\n<li>madala profiiliga ja h\u00f5\u00f5rdumist v\u00e4ltivad\u00a0<em>flatseamer<\/em>-\u00f5mblused<\/li>\n<li class=\"list-meta__item list-meta__temp\">Mugavaim s\u00f5ita kui v\u00e4ljas on 12-25 \u00b0C<\/li>\n<\/ul>\n<h2><strong>Meeste p\u00fcksid Active 4.0<\/strong><\/h2>\n<p>Active-sarja p\u00fcksid (endine Pro) on loodud k\u00f5ige kiiremateks rattas\u00f5itudeks. Need p\u00fcksid pakuvad jalalihastele pingutusel vajalikku kompressioontuge, mis on hajutatud \u00fchtlaselt kehast \u00fclevalpool. P\u00fckstel on kerged ja mitterulluvad traksid ning spetsiaalselt moomoo Active-p\u00fckste j\u00e4rgi valmistatud pehmendus Itaaliast.<\/p>\n<p>Active-sarja p\u00fcksid liibuvad tihedalt kehasse, sest eesm\u00e4rk on aerod\u00fcnaamilisus. Et tegemist on\u00a0<em>slim-fit-<\/em>rattap\u00fckstega, tasub v\u00f5imalusel suurusi proovida v\u00f5i kahtluse korral valida number suurem.<\/p>\n<p>P\u00fckste pehmendus on piisavalt \u00f5huke, et tagada vajalik sadulatunnetus, ent padja p\u00f5hikihi tihedus (120 g\/m<sup>3<\/sup>) tagab s\u00f5idumugavuse ka kolme ja enama tunni pikkustel rattas\u00f5itudel. P\u00fcksis\u00e4\u00e4rtel on laiad silikoonid, mis hoiavad need liikumise ajal kindlalt paigas ja k\u00f5ik see on tervikuks \u00f5mmeldud erilise\u00a0<em>flatseamer<\/em>\u2019iga, mille madalad \u00f5mblused on laiad ja pehmed.<\/p>\n<p class=\"small-bold\">Omadused:<\/p>\n<ul>\n<li>v\u00f5istlemiseks sobilik\u00a0<em>slim-fit<\/em>-l\u00f5ige<\/li>\n<li>50+ UV-kaitse<\/li>\n<li>65 kg\/m<sup>3<\/sup>\u00a0+ 120 kg\/m<sup>3<\/sup>\u00a0tugevusega padi<\/li>\n<li>juhivad higi<\/li>\n<li>70 mm silikoonribad<\/li>\n<li>elastsed Eloflexi niidid<\/li>\n<li>madala profiiliga ja h\u00f5\u00f5rdumist v\u00e4ltivad\u00a0<em>flatseamer-<\/em>\u00f5mblused<\/li>\n<li>helkurelemendid k\u00fclgedel<\/li>\n<li>Mugavaim s\u00f5ita kui v\u00e4ljas on 14-28 \u00b0C<\/li>\n<\/ul>\n<p>Kuna p\u00fckse on v\u00f5imalik vaid ette tellida ja kohapeal tooteid ei ole, siis suurusi saab proovida Moomoo f\u00fc\u00fcsilises poes aadressil Riia tn 138c, 3. korrus, Tartu \u2013 s\u00e4rgi tellimisel tuleb arvestada ooteajaga, mille pikkus s\u00f5ltub hetke tellimuste koguarvust. Teavitame teid meili teel kui miinimum tellimuste hulk on koos ja suhtleme iga tellijaga personaalselt edasi.<\/p>\n","protected":false},"featured_media":2445,"comment_status":"open","ping_status":"closed","template":"","meta":{"_acf_changed":false,"inline_featured_image":false,"_uf_show_specific_survey":0,"_uf_disable_surveys":false},"product_brand":[],"product_cat":[15],"product_tag":[],"class_list":{"0":"post-2422","1":"product","2":"type-product","3":"status-publish","4":"has-post-thumbnail","6":"product_cat-uncategorized","8":"first","9":"instock","10":"shipping-taxable","11":"product-type-external"},"acf":[],"_links":{"self":[{"href":"https:\/\/pood.tartuh.ee\/en\/wp-json\/wp\/v2\/product\/2422","targetHints":{"allow":["GET"]}}],"collection":[{"href":"https:\/\/pood.tartuh.ee\/en\/wp-json\/wp\/v2\/product"}],"about":[{"href":"https:\/\/pood.tartuh.ee\/en\/wp-json\/wp\/v2\/types\/product"}],"replies":[{"embeddable":true,"href":"https:\/\/pood.tartuh.ee\/en\/wp-json\/wp\/v2\/comments?post=2422"}],"wp:featuredmedia":[{"embeddable":true,"href":"https:\/\/pood.tartuh.ee\/en\/wp-json\/wp\/v2\/media\/2445"}],"wp:attachment":[{"href":"https:\/\/pood.tartuh.ee\/en\/wp-json\/wp\/v2\/media?parent=2422"}],"wp:term":[{"taxonomy":"product_brand","embeddable":true,"href":"https:\/\/pood.tartuh.ee\/en\/wp-json\/wp\/v2\/product_brand?post=2422"},{"taxonomy":"product_cat","embeddable":true,"href":"https:\/\/pood.tartuh.ee\/en\/wp-json\/wp\/v2\/product_cat?post=2422"},{"taxonomy":"product_tag","embeddable":true,"href":"https:\/\/pood.tartuh.ee\/en\/wp-json\/wp\/v2\/product_tag?post=2422"}],"curies":[{"name":"wp","href":"https:\/\/api.w.org\/{rel}","templated":true}]}}