{"id":2427,"date":"2024-04-10T15:34:01","date_gmt":"2024-04-10T12:34:01","guid":{"rendered":"https:\/\/pood.tartuh.ee\/?post_type=product&#038;p=2427"},"modified":"2024-09-25T14:30:21","modified_gmt":"2024-09-25T11:30:21","slug":"rattasark","status":"publish","type":"product","link":"https:\/\/pood.tartuh.ee\/en\/rattasark\/","title":{"rendered":"Rattas\u00e4rk"},"content":{"rendered":"","protected":false},"excerpt":{"rendered":"<p>See k\u00f5igest 120-grammine s\u00e4rk on loodud t\u00f5sisele ratturile, kes soovib v\u00f5tta maksimumi ka oma k\u00f5ige kiirematest suvistest s\u00f5itudest.<\/p>\n<p>S\u00e4rk Active liibub tihedalt \u00fcmber keha nagu teine nahk. Selle tulemusel on s\u00e4rgil v\u00e4hem tuuletakistust tekitavaid riidekortse ja liigset materjali. Kolm tehnilist Itaalia kangast on s\u00e4rgis kombineeritud selliselt, et \u00f5huvool p\u00e4\u00e4seb keha ligi ning \u00fcleliigne kuumus ventileeritakse k\u00fclje- ja seljav\u00f5rgu kaudu.<\/p>\n<p>V\u00f5istlusvalmidusega s\u00e4rgile kohaselt on sel madal kaelus, esilukk peidetud ja varrukad keskmisest pikemad. Spetsiaalses k\u00fcljetaskus saab hoiustada esimese energiakeeli ja hiljem t\u00fchjad pakendid.<\/p>\n<p class=\"small-bold\"><strong>Omadused:<\/strong><\/p>\n<ul>\n<li>v\u00f5istlemiseks sobilik\u00a0<em>super-slim-fit<\/em>-l\u00f5ige<\/li>\n<li>kerge ja \u00f5huline<\/li>\n<li>ventileerivad k\u00fcljev\u00f5rgud<\/li>\n<li>juhib niiskuse kehapinnalt eemale<\/li>\n<li>4 mm YKK peidetud spiraallukk<\/li>\n<li>madal langev kaelus<\/li>\n<li>\u00f5mblusvabad ja pikemad varrukad<\/li>\n<li>lukuga lisatasku v\u00e4\u00e4rtusliku hoiustamiseks<\/li>\n<li>t\u00e4iendav n-\u00f6 pr\u00fcgitasku<\/li>\n<li>allservas lai stopperkumm<\/li>\n<li>Parim s\u00f5itmiseks\u00a016-28\u00a0\u00b0C<\/li>\n<\/ul>\n<p>Kuna s\u00e4rke on v\u00f5imalik vaid ette tellida ja kohapeal tooteid ei ole, siis suurusi saab proovida Moomoo f\u00fc\u00fcsilises poes aadressil Riia tn 138c, 3. korrus, Tartu &#8211; s\u00e4rgi tellimisel tuleb arvestada ooteajaga, mille pikkus s\u00f5ltub hetke tellimuste koguarvust. Teavitame teid meili teel kui miinimum tellimuste hulk on koos ja suhtleme iga tellijaga personaalselt edasi.<\/p>\n","protected":false},"featured_media":2433,"comment_status":"open","ping_status":"closed","template":"","meta":{"_acf_changed":false,"inline_featured_image":false,"_uf_show_specific_survey":0,"_uf_disable_surveys":false},"product_brand":[],"product_cat":[15],"product_tag":[],"class_list":{"0":"post-2427","1":"product","2":"type-product","3":"status-publish","4":"has-post-thumbnail","6":"product_cat-uncategorized","8":"first","9":"instock","10":"shipping-taxable","11":"product-type-external"},"acf":[],"_links":{"self":[{"href":"https:\/\/pood.tartuh.ee\/en\/wp-json\/wp\/v2\/product\/2427","targetHints":{"allow":["GET"]}}],"collection":[{"href":"https:\/\/pood.tartuh.ee\/en\/wp-json\/wp\/v2\/product"}],"about":[{"href":"https:\/\/pood.tartuh.ee\/en\/wp-json\/wp\/v2\/types\/product"}],"replies":[{"embeddable":true,"href":"https:\/\/pood.tartuh.ee\/en\/wp-json\/wp\/v2\/comments?post=2427"}],"wp:featuredmedia":[{"embeddable":true,"href":"https:\/\/pood.tartuh.ee\/en\/wp-json\/wp\/v2\/media\/2433"}],"wp:attachment":[{"href":"https:\/\/pood.tartuh.ee\/en\/wp-json\/wp\/v2\/media?parent=2427"}],"wp:term":[{"taxonomy":"product_brand","embeddable":true,"href":"https:\/\/pood.tartuh.ee\/en\/wp-json\/wp\/v2\/product_brand?post=2427"},{"taxonomy":"product_cat","embeddable":true,"href":"https:\/\/pood.tartuh.ee\/en\/wp-json\/wp\/v2\/product_cat?post=2427"},{"taxonomy":"product_tag","embeddable":true,"href":"https:\/\/pood.tartuh.ee\/en\/wp-json\/wp\/v2\/product_tag?post=2427"}],"curies":[{"name":"wp","href":"https:\/\/api.w.org\/{rel}","templated":true}]}}