{"id":2903,"date":"2024-11-12T15:48:39","date_gmt":"2024-11-12T13:48:39","guid":{"rendered":"https:\/\/pood.tartuh.ee\/spordisark-2\/"},"modified":"2026-04-07T09:35:30","modified_gmt":"2026-04-07T06:35:30","slug":"spordisark-2","status":"publish","type":"product","link":"https:\/\/pood.tartuh.ee\/en\/spordisark-2\/","title":{"rendered":"Spordis\u00e4rk"},"content":{"rendered":"","protected":false},"excerpt":{"rendered":"<p>Mugav ja stiilne must spordis\u00e4rk punaste ja valgete detailidega, mis kannab ees Tartu Tervishoiu K\u00f5rgkooli ja MOOMOO logo ning seljal kooli valget logo. Sobib ideaalselt treeninguks, sportlikeks tegevusteks v\u00f5i aktiivseks igap\u00e4evaseks kandmiseks, tuues samal ajal esile kooli vaimu. <\/p>\n<p>Kvaliteetne materjal tagab hea hingavuse ja liikumisvabaduse, olles samal ajal keskkonnas\u00f5bralik valik. <\/p>\n<p>Omadused:<br \/>\n\u2013 V\u00e4rvus: must, punased ja valged detailid<br \/>\n\u2013 Logod: ees Tartu Tervishoiu K\u00f5rgkooli ja moomoo, seljal Tartu Tervishoiu K\u00f5rgkooli valge logo<br \/>\n\u2013 Materjal: 100% taaskasutatud materjalidest<br \/>\n\u2013 Sobib treeninguks, igap\u00e4evaseks kandmiseks ja aktiivseteks tegevusteks <\/p>\n<p>Lisainfo:<br \/>\n\u2013 Tootja: MOOMOO <\/p>\n<p>Kanna uhkusega spordis\u00e4rki, mis \u00fchendab stiili, mugavuse ja keskkonnas\u00f5bralikkuse! <\/p>\n","protected":false},"featured_media":3043,"comment_status":"open","ping_status":"closed","template":"","meta":{"_acf_changed":false,"inline_featured_image":false,"_uf_show_specific_survey":0,"_uf_disable_surveys":false},"product_brand":[],"product_cat":[15],"product_tag":[],"class_list":{"0":"post-2903","1":"product","2":"type-product","3":"status-publish","4":"has-post-thumbnail","6":"product_cat-uncategorized","8":"first","9":"instock","10":"shipping-taxable","11":"purchasable","12":"product-type-variable"},"acf":[],"_links":{"self":[{"href":"https:\/\/pood.tartuh.ee\/en\/wp-json\/wp\/v2\/product\/2903","targetHints":{"allow":["GET"]}}],"collection":[{"href":"https:\/\/pood.tartuh.ee\/en\/wp-json\/wp\/v2\/product"}],"about":[{"href":"https:\/\/pood.tartuh.ee\/en\/wp-json\/wp\/v2\/types\/product"}],"replies":[{"embeddable":true,"href":"https:\/\/pood.tartuh.ee\/en\/wp-json\/wp\/v2\/comments?post=2903"}],"wp:featuredmedia":[{"embeddable":true,"href":"https:\/\/pood.tartuh.ee\/en\/wp-json\/wp\/v2\/media\/3043"}],"wp:attachment":[{"href":"https:\/\/pood.tartuh.ee\/en\/wp-json\/wp\/v2\/media?parent=2903"}],"wp:term":[{"taxonomy":"product_brand","embeddable":true,"href":"https:\/\/pood.tartuh.ee\/en\/wp-json\/wp\/v2\/product_brand?post=2903"},{"taxonomy":"product_cat","embeddable":true,"href":"https:\/\/pood.tartuh.ee\/en\/wp-json\/wp\/v2\/product_cat?post=2903"},{"taxonomy":"product_tag","embeddable":true,"href":"https:\/\/pood.tartuh.ee\/en\/wp-json\/wp\/v2\/product_tag?post=2903"}],"curies":[{"name":"wp","href":"https:\/\/api.w.org\/{rel}","templated":true}]}}