{"id":3016,"date":"2024-11-27T15:20:37","date_gmt":"2024-11-27T13:20:37","guid":{"rendered":"https:\/\/pood.tartuh.ee\/3d-mudel-vaagen-ja-loote-pea\/"},"modified":"2026-04-01T13:15:33","modified_gmt":"2026-04-01T10:15:33","slug":"3d-mudel-vaagen-ja-loote-pea","status":"publish","type":"product","link":"https:\/\/pood.tartuh.ee\/en\/3d-mudel-vaagen-ja-loote-pea\/","title":{"rendered":"3D mudel vaagen ja loote pea"},"content":{"rendered":"","protected":false},"excerpt":{"rendered":"<p>\u00d5ppeotstarbeline 3D mudel, mis kujutab vaagnat ja loote pead, sobides suurep\u00e4raselt tervishoiuvaldkonna \u00f5ppijatele ja spetsialistidele. Mudel aitab paremini m\u00f5ista s\u00fcnnituse anatoomiat ja vaagna ning loote pea omavahelisi suhteid visuaalsel ja praktilisel viisil. <\/p>\n<p>Komplektis olev \u00f5mblusjuhis v\u00f5imaldab mudelit t\u00e4iendada loote keha valmistamisega. Juhis sisaldab t\u00e4pset, \u00f5iges m\u00f5\u00f5dus joonist, mis teeb kasutamise mugavaks nii \u00f5ppet\u00f6\u00f6s kui ka iseseisvaks harjutamiseks. <\/p>\n<p>Komplekt sisaldab:<br \/>\n\u2013 3D mudel: vaagen ja loote pea<br \/>\n\u2013 \u00d5mblusjuhis loote keha \u00f5mblemiseks (joonis \u00f5iges m\u00f5\u00f5dus) <\/p>\n<p>Ideaalne abivahend \u00f5ppimiseks, demonstreerimiseks ja teadmiste kinnistamiseks \u2013 praktiline ning hariv lisa igasse tervishoiu\u00f5ppe keskkonda. <\/p>\n","protected":false},"featured_media":18827,"comment_status":"open","ping_status":"closed","template":"","meta":{"_acf_changed":false,"inline_featured_image":false,"_uf_show_specific_survey":0,"_uf_disable_surveys":false},"product_brand":[],"product_cat":[15],"product_tag":[],"class_list":{"0":"post-3016","1":"product","2":"type-product","3":"status-publish","4":"has-post-thumbnail","6":"product_cat-uncategorized","8":"first","9":"instock","10":"shipping-taxable","11":"purchasable","12":"product-type-variable"},"acf":[],"_links":{"self":[{"href":"https:\/\/pood.tartuh.ee\/en\/wp-json\/wp\/v2\/product\/3016","targetHints":{"allow":["GET"]}}],"collection":[{"href":"https:\/\/pood.tartuh.ee\/en\/wp-json\/wp\/v2\/product"}],"about":[{"href":"https:\/\/pood.tartuh.ee\/en\/wp-json\/wp\/v2\/types\/product"}],"replies":[{"embeddable":true,"href":"https:\/\/pood.tartuh.ee\/en\/wp-json\/wp\/v2\/comments?post=3016"}],"wp:featuredmedia":[{"embeddable":true,"href":"https:\/\/pood.tartuh.ee\/en\/wp-json\/wp\/v2\/media\/18827"}],"wp:attachment":[{"href":"https:\/\/pood.tartuh.ee\/en\/wp-json\/wp\/v2\/media?parent=3016"}],"wp:term":[{"taxonomy":"product_brand","embeddable":true,"href":"https:\/\/pood.tartuh.ee\/en\/wp-json\/wp\/v2\/product_brand?post=3016"},{"taxonomy":"product_cat","embeddable":true,"href":"https:\/\/pood.tartuh.ee\/en\/wp-json\/wp\/v2\/product_cat?post=3016"},{"taxonomy":"product_tag","embeddable":true,"href":"https:\/\/pood.tartuh.ee\/en\/wp-json\/wp\/v2\/product_tag?post=3016"}],"curies":[{"name":"wp","href":"https:\/\/api.w.org\/{rel}","templated":true}]}}