{"id":3030,"date":"2024-11-29T13:14:51","date_gmt":"2024-11-29T11:14:51","guid":{"rendered":"https:\/\/pood.tartuh.ee\/terves-kehas-terve-teadmine-tegevusraamat\/"},"modified":"2026-03-18T14:38:16","modified_gmt":"2026-03-18T12:38:16","slug":"terves-kehas-terve-teadmine-tegevusraamat","status":"publish","type":"product","link":"https:\/\/pood.tartuh.ee\/en\/terves-kehas-terve-teadmine-tegevusraamat\/","title":{"rendered":"Terves Kehas Terve Teadmine Tegevusraamat"},"content":{"rendered":"","protected":false},"excerpt":{"rendered":"<p>L\u00f5bus ja hariv tegevusraamat nooremale koolieale, mis aitab 6\u20139-aastastel lastel arendada teadusehuvi ja terviseteadlikkust. Raamat on loodud arvestades laste m\u00f5istmisoskust ning pakub p\u00f5nevaid \u00fclesandeid, mida saab lahendada ka koos vanematega. <\/p>\n<p>Raamat tugineb Tartu Tervishoiu K\u00f5rgkooli \u00f5ppej\u00f5udude rakendusuuringutele ning on kujundatud selgelt ja arusaadavalt, et \u00f5ppimine oleks nauditav ja kaasahaarav. <\/p>\n<p>Omadused:<br \/>\n\u2013 Sihtgrupp: 6\u20139-aastased lapsed<br \/>\n\u2013 Eesm\u00e4rk: teaduse populariseerimine ja terviseteadlikkuse edendamine<br \/>\n\u2013 Kujundus ja \u00fclesanded lastele sobivas vormis<br \/>\n\u2013 P\u00e4lvinud Tartu Tervishoiu K\u00f5rgkooli \u201eAasta teadustegu\u201c tunnustuse<br \/>\n\u2013 Eestvedaja: prof. Anna-Liisa Tamm<br \/>\n\u2013 Meeskond: \u00dclle Parm, Jaan Looga, Ave K\u00f5rve-Noork\u00f5iv, Liana Kurg, Ave Kutman, Kristi Vahur, Inga Ploomipuu, Eerik J\u00f5gi, Jaanika Niinepuu <\/p>\n<p>Avasta teadus m\u00e4nguliselt ja too terviseteadlikkus igasse p\u00e4eva! <\/p>\n","protected":false},"featured_media":18840,"comment_status":"open","ping_status":"closed","template":"","meta":{"_acf_changed":false,"inline_featured_image":false,"_uf_show_specific_survey":0,"_uf_disable_surveys":false},"product_brand":[],"product_cat":[15],"product_tag":[],"class_list":{"0":"post-3030","1":"product","2":"type-product","3":"status-publish","4":"has-post-thumbnail","6":"product_cat-uncategorized","8":"first","9":"instock","10":"shipping-taxable","11":"purchasable","12":"product-type-simple"},"acf":[],"_links":{"self":[{"href":"https:\/\/pood.tartuh.ee\/en\/wp-json\/wp\/v2\/product\/3030","targetHints":{"allow":["GET"]}}],"collection":[{"href":"https:\/\/pood.tartuh.ee\/en\/wp-json\/wp\/v2\/product"}],"about":[{"href":"https:\/\/pood.tartuh.ee\/en\/wp-json\/wp\/v2\/types\/product"}],"replies":[{"embeddable":true,"href":"https:\/\/pood.tartuh.ee\/en\/wp-json\/wp\/v2\/comments?post=3030"}],"wp:featuredmedia":[{"embeddable":true,"href":"https:\/\/pood.tartuh.ee\/en\/wp-json\/wp\/v2\/media\/18840"}],"wp:attachment":[{"href":"https:\/\/pood.tartuh.ee\/en\/wp-json\/wp\/v2\/media?parent=3030"}],"wp:term":[{"taxonomy":"product_brand","embeddable":true,"href":"https:\/\/pood.tartuh.ee\/en\/wp-json\/wp\/v2\/product_brand?post=3030"},{"taxonomy":"product_cat","embeddable":true,"href":"https:\/\/pood.tartuh.ee\/en\/wp-json\/wp\/v2\/product_cat?post=3030"},{"taxonomy":"product_tag","embeddable":true,"href":"https:\/\/pood.tartuh.ee\/en\/wp-json\/wp\/v2\/product_tag?post=3030"}],"curies":[{"name":"wp","href":"https:\/\/api.w.org\/{rel}","templated":true}]}}