{"id":3031,"date":"2024-11-29T13:35:25","date_gmt":"2024-11-29T11:35:25","guid":{"rendered":"https:\/\/pood.tartuh.ee\/kuunal\/"},"modified":"2026-03-18T14:38:16","modified_gmt":"2026-03-18T12:38:16","slug":"kuunal","status":"publish","type":"product","link":"https:\/\/pood.tartuh.ee\/en\/kuunal\/","title":{"rendered":"K\u00fc\u00fcnal"},"content":{"rendered":"","protected":false},"excerpt":{"rendered":"<p>Elegantne vaniljel\u00f5hnaline k\u00fc\u00fcnal klaasanumas loob hubase ja rahustava meeleolu igasse ruumi. Musta v\u00e4rvi vaha annab k\u00fc\u00fcnlale modernse ja stiilse v\u00e4limuse, sobitudes nii koju, kontorisse kui ka kingituseks. <\/p>\n<p>Mahe vaniljearoom t\u00e4idab ruumi soojuse ja meeldiva l\u00f5hnaga, aidates l\u00f5\u00f5gastuda p\u00e4rast pikka p\u00e4eva. <\/p>\n<p>Omadused:<br \/>\n\u2013 L\u00f5hn: vanilje<br \/>\n\u2013 V\u00e4rvus: must vaha<br \/>\n\u2013 Anum: klaasist<br \/>\n\u2013 Sobib meeleolu loomiseks ja sisustuselemendiks <\/p>\n<p>Ohutusinfo:<br \/>\n\u2013 V\u00f5ib p\u00f5hjustada allergilist reaktsiooni <\/p>\n<p>S\u00fc\u00fcta k\u00fc\u00fcnal, naudi hetke ja loo enda \u00fcmber rahulik atmosf\u00e4\u00e4r <\/p>\n","protected":false},"featured_media":3049,"comment_status":"open","ping_status":"closed","template":"","meta":{"_acf_changed":false,"inline_featured_image":false,"_uf_show_specific_survey":0,"_uf_disable_surveys":false},"product_brand":[],"product_cat":[15],"product_tag":[],"class_list":{"0":"post-3031","1":"product","2":"type-product","3":"status-publish","4":"has-post-thumbnail","6":"product_cat-uncategorized","8":"first","9":"instock","10":"shipping-taxable","11":"purchasable","12":"product-type-simple"},"acf":[],"_links":{"self":[{"href":"https:\/\/pood.tartuh.ee\/en\/wp-json\/wp\/v2\/product\/3031","targetHints":{"allow":["GET"]}}],"collection":[{"href":"https:\/\/pood.tartuh.ee\/en\/wp-json\/wp\/v2\/product"}],"about":[{"href":"https:\/\/pood.tartuh.ee\/en\/wp-json\/wp\/v2\/types\/product"}],"replies":[{"embeddable":true,"href":"https:\/\/pood.tartuh.ee\/en\/wp-json\/wp\/v2\/comments?post=3031"}],"wp:featuredmedia":[{"embeddable":true,"href":"https:\/\/pood.tartuh.ee\/en\/wp-json\/wp\/v2\/media\/3049"}],"wp:attachment":[{"href":"https:\/\/pood.tartuh.ee\/en\/wp-json\/wp\/v2\/media?parent=3031"}],"wp:term":[{"taxonomy":"product_brand","embeddable":true,"href":"https:\/\/pood.tartuh.ee\/en\/wp-json\/wp\/v2\/product_brand?post=3031"},{"taxonomy":"product_cat","embeddable":true,"href":"https:\/\/pood.tartuh.ee\/en\/wp-json\/wp\/v2\/product_cat?post=3031"},{"taxonomy":"product_tag","embeddable":true,"href":"https:\/\/pood.tartuh.ee\/en\/wp-json\/wp\/v2\/product_tag?post=3031"}],"curies":[{"name":"wp","href":"https:\/\/api.w.org\/{rel}","templated":true}]}}