{"id":3057,"date":"2024-12-04T12:33:27","date_gmt":"2024-12-04T10:33:27","guid":{"rendered":"https:\/\/pood.tartuh.ee\/sokid\/"},"modified":"2026-03-18T14:38:32","modified_gmt":"2026-03-18T12:38:32","slug":"sokid","status":"publish","type":"product","link":"https:\/\/pood.tartuh.ee\/en\/sokid\/","title":{"rendered":"Sokid"},"content":{"rendered":"","protected":false},"excerpt":{"rendered":"<p>Stiilsed ja mugavad punased ning mustad sokid, mida kaunistavad valged Tartu Tervishoiu K\u00f5rgkooli ja \u201eS\u00fcda \u00f5ige koha peal\u201c logod. Need sokid on ideaalne detail igap\u00e4evasesse riietusse, v\u00f5imaldades kanda kooli vaimu ja s\u00f5numit diskreetselt, kuid isikup\u00e4raselt. <\/p>\n<p>Kvaliteetne materjal tagab hea istuvuse, hingavuse ja kandmismugavuse nii loengutes, t\u00f6\u00f6l kui ka vabal ajal. <\/p>\n<p>Omadused:<br \/>\n\u2013 V\u00e4rvid: punane ja must<br \/>\n\u2013 Disain: Tartu Tervishoiu K\u00f5rgkooli ja \u201eS\u00fcda \u00f5ige koha peal\u201c logod<br \/>\n\u2013 Materjal: 80% puuvill, 17% pol\u00fcamiid, 3% elastaan<br \/>\n\u2013 Mugav ja elastne sobivus <\/p>\n<p>Lisainfo:<br \/>\n\u2013 Tootja: Sokisahtel<br \/>\n\u2013 Toodetud EL-is <\/p>\n<p>Lisa oma sammudele t\u00e4hendus ja kanna uhkusega s\u00f5numit, mis on alati \u00f5igel kohal <\/p>\n","protected":false},"featured_media":18842,"comment_status":"open","ping_status":"closed","template":"","meta":{"_acf_changed":false,"inline_featured_image":false,"_uf_show_specific_survey":0,"_uf_disable_surveys":false},"product_brand":[],"product_cat":[15],"product_tag":[],"class_list":{"0":"post-3057","1":"product","2":"type-product","3":"status-publish","4":"has-post-thumbnail","6":"product_cat-uncategorized","8":"first","9":"instock","10":"shipping-taxable","11":"purchasable","12":"product-type-variable"},"acf":[],"_links":{"self":[{"href":"https:\/\/pood.tartuh.ee\/en\/wp-json\/wp\/v2\/product\/3057","targetHints":{"allow":["GET"]}}],"collection":[{"href":"https:\/\/pood.tartuh.ee\/en\/wp-json\/wp\/v2\/product"}],"about":[{"href":"https:\/\/pood.tartuh.ee\/en\/wp-json\/wp\/v2\/types\/product"}],"replies":[{"embeddable":true,"href":"https:\/\/pood.tartuh.ee\/en\/wp-json\/wp\/v2\/comments?post=3057"}],"wp:featuredmedia":[{"embeddable":true,"href":"https:\/\/pood.tartuh.ee\/en\/wp-json\/wp\/v2\/media\/18842"}],"wp:attachment":[{"href":"https:\/\/pood.tartuh.ee\/en\/wp-json\/wp\/v2\/media?parent=3057"}],"wp:term":[{"taxonomy":"product_brand","embeddable":true,"href":"https:\/\/pood.tartuh.ee\/en\/wp-json\/wp\/v2\/product_brand?post=3057"},{"taxonomy":"product_cat","embeddable":true,"href":"https:\/\/pood.tartuh.ee\/en\/wp-json\/wp\/v2\/product_cat?post=3057"},{"taxonomy":"product_tag","embeddable":true,"href":"https:\/\/pood.tartuh.ee\/en\/wp-json\/wp\/v2\/product_tag?post=3057"}],"curies":[{"name":"wp","href":"https:\/\/api.w.org\/{rel}","templated":true}]}}