{"id":3096,"date":"2025-01-28T11:54:20","date_gmt":"2025-01-28T09:54:20","guid":{"rendered":"https:\/\/pood.tartuh.ee\/puugieemalduskomplekt\/"},"modified":"2026-04-30T03:00:14","modified_gmt":"2026-04-30T00:00:14","slug":"puugieemalduskomplekt","status":"publish","type":"product","link":"https:\/\/pood.tartuh.ee\/en\/puugieemalduskomplekt\/","title":{"rendered":"Puugieemalduskomplekt"},"content":{"rendered":"","protected":false},"excerpt":{"rendered":"<p>Praktiline ja kompaktne puugieemalduskomplekt, mis on loodud turvaliseks ja mugavaks kasutamiseks nii inimestele kui ka loomadele. Komplekt sobib ideaalselt matkale, loodusesse, suvilasse v\u00f5i igap\u00e4evaseks kaasaskandmiseks \u2013 et olla valmis igas olukorras. <\/p>\n<p>H\u00e4sti l\u00e4bim\u00f5eldud sisu aitab puugi kiirelt ja korrektselt eemaldada ning naha seej\u00e4rel puhastada ja kaitsta. Eraldi puugieemaldajad inimesele ja loomale tagavad t\u00e4pse ning ohutu kasutamise. <\/p>\n<p>Komplekt sisaldab:<br \/>\n\u2013 4 \u00d7 nahapuhastuse salvr\u00e4tik<br \/>\n\u2013 4 \u00d7 veekindel plaaster<br \/>\n\u2013 4 \u00d7 plaaster lastele<br \/>\n\u2013 1 \u00d7 puugieemaldaja inimesele (sinine)<br \/>\n\u2013 1 \u00d7 puugieemaldaja loomale (punane)<br \/>\n\u2013 1 \u00d7 v\u00e4rskendav salvr\u00e4tt <\/p>\n<p>Hoia see komplekt alati k\u00e4ep\u00e4rast ja tunne end looduses liikudes kindlamalt \u2013 hoolitsedes nii enda kui ka oma lemmiku tervise eest. <\/p>\n","protected":false},"featured_media":18836,"comment_status":"open","ping_status":"closed","template":"","meta":{"_acf_changed":false,"inline_featured_image":false,"_uf_show_specific_survey":0,"_uf_disable_surveys":false},"product_brand":[],"product_cat":[15],"product_tag":[],"class_list":{"0":"post-3096","1":"product","2":"type-product","3":"status-publish","4":"has-post-thumbnail","6":"product_cat-uncategorized","8":"first","9":"instock","10":"shipping-taxable","11":"purchasable","12":"product-type-simple"},"acf":[],"_links":{"self":[{"href":"https:\/\/pood.tartuh.ee\/en\/wp-json\/wp\/v2\/product\/3096","targetHints":{"allow":["GET"]}}],"collection":[{"href":"https:\/\/pood.tartuh.ee\/en\/wp-json\/wp\/v2\/product"}],"about":[{"href":"https:\/\/pood.tartuh.ee\/en\/wp-json\/wp\/v2\/types\/product"}],"replies":[{"embeddable":true,"href":"https:\/\/pood.tartuh.ee\/en\/wp-json\/wp\/v2\/comments?post=3096"}],"wp:featuredmedia":[{"embeddable":true,"href":"https:\/\/pood.tartuh.ee\/en\/wp-json\/wp\/v2\/media\/18836"}],"wp:attachment":[{"href":"https:\/\/pood.tartuh.ee\/en\/wp-json\/wp\/v2\/media?parent=3096"}],"wp:term":[{"taxonomy":"product_brand","embeddable":true,"href":"https:\/\/pood.tartuh.ee\/en\/wp-json\/wp\/v2\/product_brand?post=3096"},{"taxonomy":"product_cat","embeddable":true,"href":"https:\/\/pood.tartuh.ee\/en\/wp-json\/wp\/v2\/product_cat?post=3096"},{"taxonomy":"product_tag","embeddable":true,"href":"https:\/\/pood.tartuh.ee\/en\/wp-json\/wp\/v2\/product_tag?post=3096"}],"curies":[{"name":"wp","href":"https:\/\/api.w.org\/{rel}","templated":true}]}}