{"id":35969,"date":"2026-04-30T12:31:45","date_gmt":"2026-04-30T09:31:45","guid":{"rendered":"https:\/\/pood.tartuh.ee\/juubeliaasta-sark-215\/"},"modified":"2026-05-01T03:00:42","modified_gmt":"2026-05-01T00:00:42","slug":"juubeliaasta-sark-215","status":"publish","type":"product","link":"https:\/\/pood.tartuh.ee\/en\/juubeliaasta-sark-215\/","title":{"rendered":"Juubeliaasta s\u00e4rk 215"},"content":{"rendered":"","protected":false},"excerpt":{"rendered":"<p>T\u00e4hista koos meiega! <\/p>\n<p>Tartu Tervishoiu K\u00f5rgkooli juubeliaastaks loodud eksklusiivne T-s\u00e4rk on m\u00f5eldud k\u00f5igile, kes tunnevad uhkust meie kooli pikaajalise ajaloo ja tervishoiuvaldkonna \u00fcle. See ei ole lihtsalt riideese, vaid s\u00fcmbol p\u00fchendumisest ja \u00fchisest teekonnast.<\/p>\n<p>S\u00e4rk on valmistatud esmaklassilisest ringkedratud kammitud puuvillast, mis on keha vastas \u00fclipehme ning peab vastu aastatepikkusele kandmisele, s\u00e4ilitades oma vormi ja kvaliteedi.<\/p>\n<p>Toote omadused:<br \/>\nMudel: Mugav unisex l\u00f5ige, mis sobib suurep\u00e4raselt igale kehat\u00fc\u00fcbile.<\/p>\n<p>Eriline disain: Pidulik juubelis\u00fcmboolika, mis m\u00e4rgib kooli olulist t\u00e4hist.<\/p>\n<p>Materjal: 100% orgaaniline ringketratud kammitud puuvill.<\/p>\n<p>V\u00e4rvid: V\u00f5ikollane, roosa<\/p>\n<p>Kvaliteet: Vastupidav ja hingav kangas, mis tagab maksimaalse mugavuse nii loengus, t\u00f6\u00f6l kui ka vabal ajal.<\/p>\n<p>Kanna k\u00f5rgkooli ajalugu endaga ja v\u00e4ljenda oma kuuluvust v\u00e4\u00e4rikalt!<\/p>\n","protected":false},"featured_media":35963,"comment_status":"open","ping_status":"closed","template":"","meta":{"_acf_changed":false,"inline_featured_image":false,"_uf_show_specific_survey":0,"_uf_disable_surveys":false},"product_brand":[],"product_cat":[15],"product_tag":[],"class_list":{"0":"post-35969","1":"product","2":"type-product","3":"status-publish","4":"has-post-thumbnail","6":"product_cat-uncategorized","8":"first","9":"instock","10":"shipping-taxable","11":"purchasable","12":"product-type-variable"},"acf":[],"_links":{"self":[{"href":"https:\/\/pood.tartuh.ee\/en\/wp-json\/wp\/v2\/product\/35969","targetHints":{"allow":["GET"]}}],"collection":[{"href":"https:\/\/pood.tartuh.ee\/en\/wp-json\/wp\/v2\/product"}],"about":[{"href":"https:\/\/pood.tartuh.ee\/en\/wp-json\/wp\/v2\/types\/product"}],"replies":[{"embeddable":true,"href":"https:\/\/pood.tartuh.ee\/en\/wp-json\/wp\/v2\/comments?post=35969"}],"wp:featuredmedia":[{"embeddable":true,"href":"https:\/\/pood.tartuh.ee\/en\/wp-json\/wp\/v2\/media\/35963"}],"wp:attachment":[{"href":"https:\/\/pood.tartuh.ee\/en\/wp-json\/wp\/v2\/media?parent=35969"}],"wp:term":[{"taxonomy":"product_brand","embeddable":true,"href":"https:\/\/pood.tartuh.ee\/en\/wp-json\/wp\/v2\/product_brand?post=35969"},{"taxonomy":"product_cat","embeddable":true,"href":"https:\/\/pood.tartuh.ee\/en\/wp-json\/wp\/v2\/product_cat?post=35969"},{"taxonomy":"product_tag","embeddable":true,"href":"https:\/\/pood.tartuh.ee\/en\/wp-json\/wp\/v2\/product_tag?post=35969"}],"curies":[{"name":"wp","href":"https:\/\/api.w.org\/{rel}","templated":true}]}}