{"id":492,"date":"2023-08-11T12:26:30","date_gmt":"2023-08-11T09:26:30","guid":{"rendered":"https:\/\/pood.tartuh.ee\/punane-kruus\/"},"modified":"2026-03-18T14:38:15","modified_gmt":"2026-03-18T12:38:15","slug":"punane-kruus","status":"publish","type":"product","link":"https:\/\/pood.tartuh.ee\/en\/punane-kruus\/","title":{"rendered":"Punane kruus"},"content":{"rendered":"","protected":false},"excerpt":{"rendered":"<p>V\u00e4rvikas ja praktiline punane keraamiline kruus, mida kaunistab \u201eS\u00fcda \u00f5ige koha peal\u201c illustratsioon. Ideaalne hommikukohvi, tee v\u00f5i muu lemmikjoogi nautimiseks nii kodus, koolis kui t\u00f6\u00f6l. <\/p>\n<p>Omadused:<br \/>\n\u2013 V\u00e4rvus: punane<br \/>\n\u2013 Disain: \u201eS\u00fcda \u00f5ige koha peal\u201c illustratsioon<br \/>\n\u2013 Mahutavus: 300 ml<br \/>\n\u2013 Materjal: keraamika <\/p>\n<p>Alusta p\u00e4eva stiilselt ja kanna oma armastus tervise ja kooli vastu igal lonksul! <\/p>\n","protected":false},"featured_media":834,"comment_status":"open","ping_status":"closed","template":"","meta":{"_acf_changed":false,"inline_featured_image":false,"_uf_show_specific_survey":0,"_uf_disable_surveys":false},"product_brand":[],"product_cat":[15],"product_tag":[],"class_list":{"0":"post-492","1":"product","2":"type-product","3":"status-publish","4":"has-post-thumbnail","6":"product_cat-uncategorized","8":"first","9":"instock","10":"shipping-taxable","11":"purchasable","12":"product-type-simple"},"acf":[],"_links":{"self":[{"href":"https:\/\/pood.tartuh.ee\/en\/wp-json\/wp\/v2\/product\/492","targetHints":{"allow":["GET"]}}],"collection":[{"href":"https:\/\/pood.tartuh.ee\/en\/wp-json\/wp\/v2\/product"}],"about":[{"href":"https:\/\/pood.tartuh.ee\/en\/wp-json\/wp\/v2\/types\/product"}],"replies":[{"embeddable":true,"href":"https:\/\/pood.tartuh.ee\/en\/wp-json\/wp\/v2\/comments?post=492"}],"wp:featuredmedia":[{"embeddable":true,"href":"https:\/\/pood.tartuh.ee\/en\/wp-json\/wp\/v2\/media\/834"}],"wp:attachment":[{"href":"https:\/\/pood.tartuh.ee\/en\/wp-json\/wp\/v2\/media?parent=492"}],"wp:term":[{"taxonomy":"product_brand","embeddable":true,"href":"https:\/\/pood.tartuh.ee\/en\/wp-json\/wp\/v2\/product_brand?post=492"},{"taxonomy":"product_cat","embeddable":true,"href":"https:\/\/pood.tartuh.ee\/en\/wp-json\/wp\/v2\/product_cat?post=492"},{"taxonomy":"product_tag","embeddable":true,"href":"https:\/\/pood.tartuh.ee\/en\/wp-json\/wp\/v2\/product_tag?post=492"}],"curies":[{"name":"wp","href":"https:\/\/api.w.org\/{rel}","templated":true}]}}