{"id":495,"date":"2023-08-11T12:26:30","date_gmt":"2023-08-11T09:26:30","guid":{"rendered":"https:\/\/pood.tartuh.ee\/pusa-kapillaarid\/"},"modified":"2026-03-18T14:38:29","modified_gmt":"2026-03-18T12:38:29","slug":"pusa-kapillaarid","status":"publish","type":"product","link":"https:\/\/pood.tartuh.ee\/en\/pusa-kapillaarid\/","title":{"rendered":"Pusa &#8220;Kapillaarid&#8221;"},"content":{"rendered":"","protected":false},"excerpt":{"rendered":"<p>Mugav kapuutsi ja k\u00f5hutaskuga pusa \u201eKapillaarid\u201c, mida kaunistab Tartu Tervishoiu K\u00f5rgkooli logo. Stiilne ja praktiline valik igap\u00e4evaseks kandmiseks, pakkudes soojust ja mugavust nii koolis, kodus kui vabal ajal. <\/p>\n<p>Kvaliteetne mitteveniv materjal (80% puuvill, 20% pol\u00fcester) tagab vastupidavuse ja kandmismugavuse. Pusa allservas ja varrukate otstes olevad venivad \u00e4\u00e4rised hoiavad vormi ning pakuvad liikumisvabadust.  <\/p>\n<p>Omadused:<br \/>\n\u2013 Kapuuts ja k\u00f5hutasku<br \/>\n\u2013 Materjal: 80% puuvill, 20% pol\u00fcester<br \/>\n\u2013 Mitteveniv kangas, venivad \u00e4\u00e4rised allservas ja varrukatel<br \/>\n\u2013 Disainer: Artur Kuus <\/p>\n<p>Kanna pusat stiilselt ja mugavalt, tuues kooli vaimu igap\u00e4eva! <\/p>\n","protected":false},"featured_media":2624,"comment_status":"open","ping_status":"closed","template":"","meta":{"_acf_changed":false,"inline_featured_image":false,"_uf_show_specific_survey":0,"_uf_disable_surveys":false},"product_brand":[],"product_cat":[15],"product_tag":[],"class_list":{"0":"post-495","1":"product","2":"type-product","3":"status-publish","4":"has-post-thumbnail","6":"product_cat-uncategorized","8":"first","9":"instock","10":"shipping-taxable","11":"purchasable","12":"product-type-variable"},"acf":[],"_links":{"self":[{"href":"https:\/\/pood.tartuh.ee\/en\/wp-json\/wp\/v2\/product\/495","targetHints":{"allow":["GET"]}}],"collection":[{"href":"https:\/\/pood.tartuh.ee\/en\/wp-json\/wp\/v2\/product"}],"about":[{"href":"https:\/\/pood.tartuh.ee\/en\/wp-json\/wp\/v2\/types\/product"}],"replies":[{"embeddable":true,"href":"https:\/\/pood.tartuh.ee\/en\/wp-json\/wp\/v2\/comments?post=495"}],"wp:featuredmedia":[{"embeddable":true,"href":"https:\/\/pood.tartuh.ee\/en\/wp-json\/wp\/v2\/media\/2624"}],"wp:attachment":[{"href":"https:\/\/pood.tartuh.ee\/en\/wp-json\/wp\/v2\/media?parent=495"}],"wp:term":[{"taxonomy":"product_brand","embeddable":true,"href":"https:\/\/pood.tartuh.ee\/en\/wp-json\/wp\/v2\/product_brand?post=495"},{"taxonomy":"product_cat","embeddable":true,"href":"https:\/\/pood.tartuh.ee\/en\/wp-json\/wp\/v2\/product_cat?post=495"},{"taxonomy":"product_tag","embeddable":true,"href":"https:\/\/pood.tartuh.ee\/en\/wp-json\/wp\/v2\/product_tag?post=495"}],"curies":[{"name":"wp","href":"https:\/\/api.w.org\/{rel}","templated":true}]}}