{"id":496,"date":"2023-08-11T12:26:30","date_gmt":"2023-08-11T09:26:30","guid":{"rendered":"https:\/\/pood.tartuh.ee\/kaardimang-tervis\/"},"modified":"2026-05-05T03:00:09","modified_gmt":"2026-05-05T00:00:09","slug":"kaardimang-tervis","status":"publish","type":"product","link":"https:\/\/pood.tartuh.ee\/en\/kaardimang-tervis\/","title":{"rendered":"Kaardim\u00e4ng &#8220;Tervis&#8221;"},"content":{"rendered":"","protected":false},"excerpt":{"rendered":"<p>\u201eEesti m\u00e4ng. Tervis\u201c on l\u00f5bus ja hariv m\u00e4lum\u00e4ngul p\u00f5hinev kaardim\u00e4ng, mis aitab t\u00e4iendada teadmisi tervishoiu ja tervisek\u00e4itumise kohta. Ideaalne m\u00e4ng s\u00f5prade v\u00f5i klassikaaslastega, et \u00f5ppimine oleks nauditav ja interaktiivne. <\/p>\n<p>Pakis on 55 kaarti, millel kokku 108 p\u00f5nevat k\u00fcsimust, lisaks m\u00e4ngu \u00f5petus. Kaardim\u00e4ngu saab kasutada ka koos lauam\u00e4nguga \u201eEesti m\u00e4ng\u201c. <\/p>\n<p>Omadused:<br \/>\n\u2013 Kaartide arv: 55<br \/>\n\u2013 K\u00fcsimuste arv: 108, teemadel tervishoid ja tervisek\u00e4itumine<br \/>\n\u2013 M\u00e4ngu autor: Tarmo Tuule<br \/>\n\u2013 K\u00fcsimused: Silja Paavle<br \/>\n\u2013 Eriversioon: v\u00e4lja antud Tartu Tervishoiu K\u00f5rgkooli 210. aastap\u00e4eva puhul<br \/>\n\u2013 Sobib ka koos lauam\u00e4nguga \u201eEesti m\u00e4ng\u201c <\/p>\n<p>L\u00f5bus ja hariv m\u00e4ng, mis toob teadmised ja naeru igasse m\u00e4nguseanssi! <\/p>\n<p>N\u00c4IDISK\u00dcSIMUS:<br \/>\nKuidas kutsutakse kogu skeleti haigust, mille k\u00e4igus v\u00e4heneb luutihedus ja halveneb luu kvaliteet ning hapraks muutunud luude t\u00f5ttu suureneb luumurru oht?<br \/>\na) osteoporoos<br \/>\nb) osteopaatia<br \/>\nc) osteokondroos <\/p>\n","protected":false},"featured_media":805,"comment_status":"open","ping_status":"closed","template":"","meta":{"_acf_changed":false,"inline_featured_image":false,"_uf_show_specific_survey":0,"_uf_disable_surveys":false},"product_brand":[],"product_cat":[15],"product_tag":[],"class_list":{"0":"post-496","1":"product","2":"type-product","3":"status-publish","4":"has-post-thumbnail","6":"product_cat-uncategorized","8":"first","9":"instock","10":"shipping-taxable","11":"purchasable","12":"product-type-simple"},"acf":[],"_links":{"self":[{"href":"https:\/\/pood.tartuh.ee\/en\/wp-json\/wp\/v2\/product\/496","targetHints":{"allow":["GET"]}}],"collection":[{"href":"https:\/\/pood.tartuh.ee\/en\/wp-json\/wp\/v2\/product"}],"about":[{"href":"https:\/\/pood.tartuh.ee\/en\/wp-json\/wp\/v2\/types\/product"}],"replies":[{"embeddable":true,"href":"https:\/\/pood.tartuh.ee\/en\/wp-json\/wp\/v2\/comments?post=496"}],"wp:featuredmedia":[{"embeddable":true,"href":"https:\/\/pood.tartuh.ee\/en\/wp-json\/wp\/v2\/media\/805"}],"wp:attachment":[{"href":"https:\/\/pood.tartuh.ee\/en\/wp-json\/wp\/v2\/media?parent=496"}],"wp:term":[{"taxonomy":"product_brand","embeddable":true,"href":"https:\/\/pood.tartuh.ee\/en\/wp-json\/wp\/v2\/product_brand?post=496"},{"taxonomy":"product_cat","embeddable":true,"href":"https:\/\/pood.tartuh.ee\/en\/wp-json\/wp\/v2\/product_cat?post=496"},{"taxonomy":"product_tag","embeddable":true,"href":"https:\/\/pood.tartuh.ee\/en\/wp-json\/wp\/v2\/product_tag?post=496"}],"curies":[{"name":"wp","href":"https:\/\/api.w.org\/{rel}","templated":true}]}}