{"id":497,"date":"2023-08-11T12:26:30","date_gmt":"2023-08-11T09:26:30","guid":{"rendered":"https:\/\/pood.tartuh.ee\/valge-kruus\/"},"modified":"2026-03-18T14:38:14","modified_gmt":"2026-03-18T12:38:14","slug":"valge-kruus","status":"publish","type":"product","link":"https:\/\/pood.tartuh.ee\/en\/valge-kruus\/","title":{"rendered":"Valge kruus"},"content":{"rendered":"","protected":false},"excerpt":{"rendered":"<p>Klassikaline valge keraamiline kruus mahutavusega 300 ml, mida kaunistab \u201eMA (S\u00dcDA) TARTU TERVISHOIU K\u00d5RGKOOLI\u201c illustratsioon. Ideaalne hommikukohvi, tee v\u00f5i muu lemmikjoogi nautimiseks nii kodus, koolis kui t\u00f6\u00f6l. <\/p>\n<p>Omadused:<br \/>\n\u2013 V\u00e4rvus: valge<br \/>\n\u2013 Mahutavus: 300 ml<br \/>\n\u2013 Disain: \u201eMA (S\u00dcDA) TARTU TERVISHOIU K\u00d5RGKOOLI\u201c illustratsioon<br \/>\n\u2013 Disainer: Artur Kuus<br \/>\n\u2013 Materjal: keraamika <\/p>\n<p>Alusta p\u00e4eva stiilselt ja kanna kooli armastust igal lonksul! <\/p>\n","protected":false},"featured_media":817,"comment_status":"open","ping_status":"closed","template":"","meta":{"_acf_changed":false,"inline_featured_image":false,"_uf_show_specific_survey":0,"_uf_disable_surveys":false},"product_brand":[],"product_cat":[15],"product_tag":[],"class_list":{"0":"post-497","1":"product","2":"type-product","3":"status-publish","4":"has-post-thumbnail","6":"product_cat-uncategorized","8":"first","9":"instock","10":"shipping-taxable","11":"purchasable","12":"product-type-simple"},"acf":[],"_links":{"self":[{"href":"https:\/\/pood.tartuh.ee\/en\/wp-json\/wp\/v2\/product\/497","targetHints":{"allow":["GET"]}}],"collection":[{"href":"https:\/\/pood.tartuh.ee\/en\/wp-json\/wp\/v2\/product"}],"about":[{"href":"https:\/\/pood.tartuh.ee\/en\/wp-json\/wp\/v2\/types\/product"}],"replies":[{"embeddable":true,"href":"https:\/\/pood.tartuh.ee\/en\/wp-json\/wp\/v2\/comments?post=497"}],"wp:featuredmedia":[{"embeddable":true,"href":"https:\/\/pood.tartuh.ee\/en\/wp-json\/wp\/v2\/media\/817"}],"wp:attachment":[{"href":"https:\/\/pood.tartuh.ee\/en\/wp-json\/wp\/v2\/media?parent=497"}],"wp:term":[{"taxonomy":"product_brand","embeddable":true,"href":"https:\/\/pood.tartuh.ee\/en\/wp-json\/wp\/v2\/product_brand?post=497"},{"taxonomy":"product_cat","embeddable":true,"href":"https:\/\/pood.tartuh.ee\/en\/wp-json\/wp\/v2\/product_cat?post=497"},{"taxonomy":"product_tag","embeddable":true,"href":"https:\/\/pood.tartuh.ee\/en\/wp-json\/wp\/v2\/product_tag?post=497"}],"curies":[{"name":"wp","href":"https:\/\/api.w.org\/{rel}","templated":true}]}}