{"id":498,"date":"2023-08-11T12:26:30","date_gmt":"2023-08-11T09:26:30","guid":{"rendered":"https:\/\/pood.tartuh.ee\/nokamuts\/"},"modified":"2026-03-18T14:38:14","modified_gmt":"2026-03-18T12:38:14","slug":"nokamuts","status":"publish","type":"product","link":"https:\/\/pood.tartuh.ee\/en\/nokamuts\/","title":{"rendered":"Nokam\u00fcts"},"content":{"rendered":"","protected":false},"excerpt":{"rendered":"<p>Stiilne snapback-cap sirge nokaga, mis kannab Tartu Tervishoiu K\u00f5rgkooli logo. Sobib ideaalselt igap\u00e4evaseks kandmiseks, sportimiseks v\u00f5i kooli vaimu v\u00e4ljendamiseks. <\/p>\n<p>Kvaliteetne materjal tagab mugavuse ja vastupidavuse, reguleeritav suurus sobib enamikele kandjatele. <\/p>\n<p>Omadused:<br \/>\n\u2013 V\u00e4rvus: must ja hall<br \/>\n\u2013 Disain: Tartu Tervishoiu K\u00f5rgkooli logo<br \/>\n\u2013 Reguleeritav suurus<br \/>\n\u2013 Materjal: 100% puuvill <\/p>\n<p>Kanna nokam\u00fctsi stiilselt ja n\u00e4ita uhkusega oma kooli identiteeti! <\/p>\n","protected":false},"featured_media":2618,"comment_status":"open","ping_status":"closed","template":"","meta":{"_acf_changed":false,"inline_featured_image":false,"_uf_show_specific_survey":0,"_uf_disable_surveys":false},"product_brand":[],"product_cat":[15],"product_tag":[],"class_list":{"0":"post-498","1":"product","2":"type-product","3":"status-publish","4":"has-post-thumbnail","6":"product_cat-uncategorized","8":"first","9":"instock","10":"shipping-taxable","11":"purchasable","12":"product-type-simple"},"acf":[],"_links":{"self":[{"href":"https:\/\/pood.tartuh.ee\/en\/wp-json\/wp\/v2\/product\/498","targetHints":{"allow":["GET"]}}],"collection":[{"href":"https:\/\/pood.tartuh.ee\/en\/wp-json\/wp\/v2\/product"}],"about":[{"href":"https:\/\/pood.tartuh.ee\/en\/wp-json\/wp\/v2\/types\/product"}],"replies":[{"embeddable":true,"href":"https:\/\/pood.tartuh.ee\/en\/wp-json\/wp\/v2\/comments?post=498"}],"wp:featuredmedia":[{"embeddable":true,"href":"https:\/\/pood.tartuh.ee\/en\/wp-json\/wp\/v2\/media\/2618"}],"wp:attachment":[{"href":"https:\/\/pood.tartuh.ee\/en\/wp-json\/wp\/v2\/media?parent=498"}],"wp:term":[{"taxonomy":"product_brand","embeddable":true,"href":"https:\/\/pood.tartuh.ee\/en\/wp-json\/wp\/v2\/product_brand?post=498"},{"taxonomy":"product_cat","embeddable":true,"href":"https:\/\/pood.tartuh.ee\/en\/wp-json\/wp\/v2\/product_cat?post=498"},{"taxonomy":"product_tag","embeddable":true,"href":"https:\/\/pood.tartuh.ee\/en\/wp-json\/wp\/v2\/product_tag?post=498"}],"curies":[{"name":"wp","href":"https:\/\/api.w.org\/{rel}","templated":true}]}}