{"id":499,"date":"2023-08-11T12:26:30","date_gmt":"2023-08-11T09:26:30","guid":{"rendered":"https:\/\/pood.tartuh.ee\/buff\/"},"modified":"2026-04-01T14:25:41","modified_gmt":"2026-04-01T11:25:41","slug":"buff","status":"publish","type":"product","link":"https:\/\/pood.tartuh.ee\/en\/buff\/","title":{"rendered":"Buff"},"content":{"rendered":"","protected":false},"excerpt":{"rendered":"<p>Mugav ja mitmek\u00fclgne venivast materjalist kaelussall, mida kaunistavad Tartu Tervishoiu K\u00f5rgkooli pitsmuster ja logo. Sobib kandmiseks kaelas, p\u00e4he v\u00f5i maskina \u2013 praktiline ja stiilne aksessuaar nii kooli, vaba aja kui sportlike tegevuste jaoks. <\/p>\n<p>Valmistatud kvaliteetsest mikrofiibrist (100% pol\u00fcester), mis tagab pehmuse, venivuse ja hingavuse.  <\/p>\n<p>Omadused:<br \/>\n\u2013 V\u00e4rvid ja muster: punase-valgekirju v\u00f5i halli-valgekirju, Tartu Tervishoiu K\u00f5rgkooli pitsmuster ja logo<br \/>\n\u2013 Materjal: 100% pol\u00fcester, mikrofiiber<br \/>\n\u2013 M\u00f5\u00f5dud: 48 cm (k\u00f5rgus) \u00d7 25 cm (laius tasapinnal)<br \/>\n\u2013 Mitmek\u00fclgne kasutus: kael, pea, mask<br \/>\n\u2013 Disainer: Artur Kuus <\/p>\n<p>Kanna kaelussalli stiilselt ja mugavalt, tuues kooli vaimu igasse p\u00e4eva! <\/p>\n","protected":false},"featured_media":796,"comment_status":"open","ping_status":"closed","template":"","meta":{"_acf_changed":false,"inline_featured_image":false,"_uf_show_specific_survey":0,"_uf_disable_surveys":false},"product_brand":[],"product_cat":[15],"product_tag":[],"class_list":{"0":"post-499","1":"product","2":"type-product","3":"status-publish","4":"has-post-thumbnail","6":"product_cat-uncategorized","8":"first","9":"instock","10":"shipping-taxable","11":"purchasable","12":"product-type-variable"},"acf":[],"_links":{"self":[{"href":"https:\/\/pood.tartuh.ee\/en\/wp-json\/wp\/v2\/product\/499","targetHints":{"allow":["GET"]}}],"collection":[{"href":"https:\/\/pood.tartuh.ee\/en\/wp-json\/wp\/v2\/product"}],"about":[{"href":"https:\/\/pood.tartuh.ee\/en\/wp-json\/wp\/v2\/types\/product"}],"replies":[{"embeddable":true,"href":"https:\/\/pood.tartuh.ee\/en\/wp-json\/wp\/v2\/comments?post=499"}],"wp:featuredmedia":[{"embeddable":true,"href":"https:\/\/pood.tartuh.ee\/en\/wp-json\/wp\/v2\/media\/796"}],"wp:attachment":[{"href":"https:\/\/pood.tartuh.ee\/en\/wp-json\/wp\/v2\/media?parent=499"}],"wp:term":[{"taxonomy":"product_brand","embeddable":true,"href":"https:\/\/pood.tartuh.ee\/en\/wp-json\/wp\/v2\/product_brand?post=499"},{"taxonomy":"product_cat","embeddable":true,"href":"https:\/\/pood.tartuh.ee\/en\/wp-json\/wp\/v2\/product_cat?post=499"},{"taxonomy":"product_tag","embeddable":true,"href":"https:\/\/pood.tartuh.ee\/en\/wp-json\/wp\/v2\/product_tag?post=499"}],"curies":[{"name":"wp","href":"https:\/\/api.w.org\/{rel}","templated":true}]}}