{"id":500,"date":"2023-08-11T12:26:30","date_gmt":"2023-08-11T09:26:30","guid":{"rendered":"https:\/\/pood.tartuh.ee\/must-kampsun-suda-oige-koha-peal\/"},"modified":"2026-05-05T03:00:10","modified_gmt":"2026-05-05T00:00:10","slug":"must-pusa-suda-oige-koha-peal","status":"publish","type":"product","link":"https:\/\/pood.tartuh.ee\/en\/must-pusa-suda-oige-koha-peal\/","title":{"rendered":"Must pusa &#8220;S\u00fcda \u00f5ige koha peal&#8221;"},"content":{"rendered":"","protected":false},"excerpt":{"rendered":"<p>Mugav ja stiilne must pusa, mida kaunistab kuldne \u201eS\u00fcda \u00f5ige koha peal\u201c tr\u00fckk. Pehme materjal tagab suurep\u00e4rase kandmismugavuse, muutes pusast ideaalse valiku igap\u00e4evaseks kandmiseks nii kodus, koolis kui ka vabal ajal. <\/p>\n<p>Omadused:<br \/>\n\u2013 V\u00e4rvus: must<br \/>\n\u2013 Disain: kuldne \u201eS\u00fcda \u00f5ige koha peal\u201c tr\u00fckk<br \/>\n\u2013 Suurus: unisex<br \/>\n\u2013 Materjal: 80% puuvill, 20% pol\u00fcester <\/p>\n<p>Lisa garderoobile stiili ja mugavust \u2013 kanna pusa, mis \u00fctleb, et s\u00fcda on \u00f5iges kohas! <\/p>\n","protected":false},"featured_media":2614,"comment_status":"open","ping_status":"closed","template":"","meta":{"_acf_changed":false,"inline_featured_image":false,"_uf_show_specific_survey":0,"_uf_disable_surveys":false},"product_brand":[],"product_cat":[15],"product_tag":[],"class_list":{"0":"post-500","1":"product","2":"type-product","3":"status-publish","4":"has-post-thumbnail","6":"product_cat-uncategorized","8":"first","9":"instock","10":"shipping-taxable","11":"purchasable","12":"product-type-variable"},"acf":[],"_links":{"self":[{"href":"https:\/\/pood.tartuh.ee\/en\/wp-json\/wp\/v2\/product\/500","targetHints":{"allow":["GET"]}}],"collection":[{"href":"https:\/\/pood.tartuh.ee\/en\/wp-json\/wp\/v2\/product"}],"about":[{"href":"https:\/\/pood.tartuh.ee\/en\/wp-json\/wp\/v2\/types\/product"}],"replies":[{"embeddable":true,"href":"https:\/\/pood.tartuh.ee\/en\/wp-json\/wp\/v2\/comments?post=500"}],"wp:featuredmedia":[{"embeddable":true,"href":"https:\/\/pood.tartuh.ee\/en\/wp-json\/wp\/v2\/media\/2614"}],"wp:attachment":[{"href":"https:\/\/pood.tartuh.ee\/en\/wp-json\/wp\/v2\/media?parent=500"}],"wp:term":[{"taxonomy":"product_brand","embeddable":true,"href":"https:\/\/pood.tartuh.ee\/en\/wp-json\/wp\/v2\/product_brand?post=500"},{"taxonomy":"product_cat","embeddable":true,"href":"https:\/\/pood.tartuh.ee\/en\/wp-json\/wp\/v2\/product_cat?post=500"},{"taxonomy":"product_tag","embeddable":true,"href":"https:\/\/pood.tartuh.ee\/en\/wp-json\/wp\/v2\/product_tag?post=500"}],"curies":[{"name":"wp","href":"https:\/\/api.w.org\/{rel}","templated":true}]}}