{"id":502,"date":"2023-08-11T12:26:30","date_gmt":"2023-08-11T09:26:30","guid":{"rendered":"https:\/\/pood.tartuh.ee\/pusa-muofilament\/"},"modified":"2026-03-18T14:38:42","modified_gmt":"2026-03-18T12:38:42","slug":"pusa-muofilament","status":"publish","type":"product","link":"https:\/\/pood.tartuh.ee\/en\/pusa-muofilament\/","title":{"rendered":"Pusa &#8220;M\u00fcofilament&#8221;"},"content":{"rendered":"","protected":false},"excerpt":{"rendered":"<p>Mugav kapuutsi ja k\u00f5hutaskuga pusa \u201eM\u00fcofilamendid\u201c, mida kaunistab Tartu Tervishoiu K\u00f5rgkooli logo. Punaseid pusasid kaunistavad sinine ja valge illustratsioon, hallide pusade peal on kollane ja must illustratsioon \u2013 stiilne valik igale kooli s\u00f5brale. <\/p>\n<p>Kvaliteetne mitteveniv materjal (80% puuvill, 20% pol\u00fcester) tagab mugavuse ja vastupidavuse. Pusa allservas ja varrukate otstes on venivad \u00e4\u00e4rised, mis hoiavad vormi ja pakuvad liikumisvabadust. <\/p>\n<p>Omadused:<br \/>\n\u2013 V\u00e4rvid ja illustratsioonid: punane (sinine &amp; valge), hall (kollane &amp; must)<br \/>\n\u2013 Kapuuts ja k\u00f5hutasku<br \/>\n\u2013 Materjal: 80% puuvill, 20% pol\u00fcester<br \/>\n\u2013 Mitteveniv kangas, venivad \u00e4\u00e4rised allservas ja varrukatel<br \/>\n\u2013 Disainer: Artur Kuus <\/p>\n<p>Kanna pusa stiilselt igap\u00e4evaselt, olles mugav ja kooli vaimu kandev! <\/p>\n","protected":false},"featured_media":2604,"comment_status":"open","ping_status":"closed","template":"","meta":{"_acf_changed":false,"inline_featured_image":false,"_uf_show_specific_survey":0,"_uf_disable_surveys":false},"product_brand":[],"product_cat":[15],"product_tag":[],"class_list":{"0":"post-502","1":"product","2":"type-product","3":"status-publish","4":"has-post-thumbnail","6":"product_cat-uncategorized","8":"first","9":"instock","10":"shipping-taxable","11":"purchasable","12":"product-type-variable"},"acf":[],"_links":{"self":[{"href":"https:\/\/pood.tartuh.ee\/en\/wp-json\/wp\/v2\/product\/502","targetHints":{"allow":["GET"]}}],"collection":[{"href":"https:\/\/pood.tartuh.ee\/en\/wp-json\/wp\/v2\/product"}],"about":[{"href":"https:\/\/pood.tartuh.ee\/en\/wp-json\/wp\/v2\/types\/product"}],"replies":[{"embeddable":true,"href":"https:\/\/pood.tartuh.ee\/en\/wp-json\/wp\/v2\/comments?post=502"}],"wp:featuredmedia":[{"embeddable":true,"href":"https:\/\/pood.tartuh.ee\/en\/wp-json\/wp\/v2\/media\/2604"}],"wp:attachment":[{"href":"https:\/\/pood.tartuh.ee\/en\/wp-json\/wp\/v2\/media?parent=502"}],"wp:term":[{"taxonomy":"product_brand","embeddable":true,"href":"https:\/\/pood.tartuh.ee\/en\/wp-json\/wp\/v2\/product_brand?post=502"},{"taxonomy":"product_cat","embeddable":true,"href":"https:\/\/pood.tartuh.ee\/en\/wp-json\/wp\/v2\/product_cat?post=502"},{"taxonomy":"product_tag","embeddable":true,"href":"https:\/\/pood.tartuh.ee\/en\/wp-json\/wp\/v2\/product_tag?post=502"}],"curies":[{"name":"wp","href":"https:\/\/api.w.org\/{rel}","templated":true}]}}