{"id":508,"date":"2023-08-11T12:26:31","date_gmt":"2023-08-11T09:26:31","guid":{"rendered":"https:\/\/pood.tartuh.ee\/kaepael\/"},"modified":"2026-03-18T14:38:35","modified_gmt":"2026-03-18T12:38:35","slug":"kaepael","status":"publish","type":"product","link":"https:\/\/pood.tartuh.ee\/en\/kaepael\/","title":{"rendered":"K\u00e4epael"},"content":{"rendered":"","protected":false},"excerpt":{"rendered":"<p>Stiilne k\u00e4sit\u00f6\u00f6 k\u00e4epael, mida kaunistab Tartu Tervishoiu K\u00f5rgkooli logo. Sobib ideaalselt igap\u00e4evaseks kandmiseks, tuues esile kooli vaimu ja isikup\u00e4ra. <\/p>\n<p>Omadused:<br \/>\n\u2013 K\u00e4sit\u00f6\u00f6na valminud<br \/>\n\u2013 Reguleeritav pikkus trukkidega<br \/>\n\u2013 Valmistanud nahakunstnik Marge H\u00e4ide <\/p>\n<p>Lisa oma stiilile kooli t\u00e4henduslik n\u00fcanss ja kanna k\u00e4epaela uhkusega! <\/p>\n","protected":false},"featured_media":980,"comment_status":"open","ping_status":"closed","template":"","meta":{"_acf_changed":false,"inline_featured_image":false,"_uf_show_specific_survey":0,"_uf_disable_surveys":false},"product_brand":[],"product_cat":[15],"product_tag":[],"class_list":{"0":"post-508","1":"product","2":"type-product","3":"status-publish","4":"has-post-thumbnail","6":"product_cat-uncategorized","8":"first","9":"instock","10":"shipping-taxable","11":"purchasable","12":"product-type-variable"},"acf":[],"_links":{"self":[{"href":"https:\/\/pood.tartuh.ee\/en\/wp-json\/wp\/v2\/product\/508","targetHints":{"allow":["GET"]}}],"collection":[{"href":"https:\/\/pood.tartuh.ee\/en\/wp-json\/wp\/v2\/product"}],"about":[{"href":"https:\/\/pood.tartuh.ee\/en\/wp-json\/wp\/v2\/types\/product"}],"replies":[{"embeddable":true,"href":"https:\/\/pood.tartuh.ee\/en\/wp-json\/wp\/v2\/comments?post=508"}],"wp:featuredmedia":[{"embeddable":true,"href":"https:\/\/pood.tartuh.ee\/en\/wp-json\/wp\/v2\/media\/980"}],"wp:attachment":[{"href":"https:\/\/pood.tartuh.ee\/en\/wp-json\/wp\/v2\/media?parent=508"}],"wp:term":[{"taxonomy":"product_brand","embeddable":true,"href":"https:\/\/pood.tartuh.ee\/en\/wp-json\/wp\/v2\/product_brand?post=508"},{"taxonomy":"product_cat","embeddable":true,"href":"https:\/\/pood.tartuh.ee\/en\/wp-json\/wp\/v2\/product_cat?post=508"},{"taxonomy":"product_tag","embeddable":true,"href":"https:\/\/pood.tartuh.ee\/en\/wp-json\/wp\/v2\/product_tag?post=508"}],"curies":[{"name":"wp","href":"https:\/\/api.w.org\/{rel}","templated":true}]}}