{"id":511,"date":"2023-08-11T12:26:31","date_gmt":"2023-08-11T09:26:31","guid":{"rendered":"https:\/\/pood.tartuh.ee\/valge-sark\/"},"modified":"2026-03-18T14:38:45","modified_gmt":"2026-03-18T12:38:45","slug":"valge-sark","status":"publish","type":"product","link":"https:\/\/pood.tartuh.ee\/en\/valge-sark\/","title":{"rendered":"Valge T-s\u00e4rk"},"content":{"rendered":"","protected":false},"excerpt":{"rendered":"<p>Klassikaline \u00fcmara kaelusega valge T-s\u00e4rk, millel on silmapaistev tr\u00fckk \u201eMA (S\u00dcDA) TARTU TERVISHOIU K\u00d5RGKOOLI\u201c. See T-s\u00e4rk \u00fchendab stiili, kooli vaimu ja kunstilise v\u00e4ljenduse. <\/p>\n<p>Kvaliteetne 100% puuvill tagab pehmuse, hingavuse ja kandmismugavuse kogu p\u00e4eva jooksul. <\/p>\n<p>Omadused:<br \/>\n\u2013 V\u00e4rvus: valge<br \/>\n\u2013 Disain: \u201eMA (S\u00dcDA) TARTU TERVISHOIU K\u00d5RGKOOLI\u201c<br \/>\n\u2013 Suurus: unisex<br \/>\n\u2013 Materjal: 100% puuvill<br \/>\n\u2013 Disainer: Artur Kuus <\/p>\n<p>Kanna uhkusega T-s\u00e4rki, mis v\u00e4ljendab armastust ja seotust kooliga! <\/p>\n","protected":false},"featured_media":2598,"comment_status":"open","ping_status":"closed","template":"","meta":{"_acf_changed":false,"inline_featured_image":false,"_uf_show_specific_survey":0,"_uf_disable_surveys":false},"product_brand":[],"product_cat":[15],"product_tag":[],"class_list":{"0":"post-511","1":"product","2":"type-product","3":"status-publish","4":"has-post-thumbnail","6":"product_cat-uncategorized","8":"first","9":"instock","10":"shipping-taxable","11":"purchasable","12":"product-type-variable"},"acf":[],"_links":{"self":[{"href":"https:\/\/pood.tartuh.ee\/en\/wp-json\/wp\/v2\/product\/511","targetHints":{"allow":["GET"]}}],"collection":[{"href":"https:\/\/pood.tartuh.ee\/en\/wp-json\/wp\/v2\/product"}],"about":[{"href":"https:\/\/pood.tartuh.ee\/en\/wp-json\/wp\/v2\/types\/product"}],"replies":[{"embeddable":true,"href":"https:\/\/pood.tartuh.ee\/en\/wp-json\/wp\/v2\/comments?post=511"}],"wp:featuredmedia":[{"embeddable":true,"href":"https:\/\/pood.tartuh.ee\/en\/wp-json\/wp\/v2\/media\/2598"}],"wp:attachment":[{"href":"https:\/\/pood.tartuh.ee\/en\/wp-json\/wp\/v2\/media?parent=511"}],"wp:term":[{"taxonomy":"product_brand","embeddable":true,"href":"https:\/\/pood.tartuh.ee\/en\/wp-json\/wp\/v2\/product_brand?post=511"},{"taxonomy":"product_cat","embeddable":true,"href":"https:\/\/pood.tartuh.ee\/en\/wp-json\/wp\/v2\/product_cat?post=511"},{"taxonomy":"product_tag","embeddable":true,"href":"https:\/\/pood.tartuh.ee\/en\/wp-json\/wp\/v2\/product_tag?post=511"}],"curies":[{"name":"wp","href":"https:\/\/api.w.org\/{rel}","templated":true}]}}