{"id":512,"date":"2023-08-11T09:26:31","date_gmt":"2023-08-11T09:26:31","guid":{"rendered":"https:\/\/pood.tartuh.ee\/tervisliku-toitumise-taldrik\/"},"modified":"2026-04-14T03:00:07","modified_gmt":"2026-04-14T00:00:07","slug":"tervisliku-toitumise-taldrik","status":"publish","type":"product","link":"https:\/\/pood.tartuh.ee\/en\/tervisliku-toitumise-taldrik\/","title":{"rendered":"Tervisliku toitumise taldrik"},"content":{"rendered":"","protected":false},"excerpt":{"rendered":"<p>Valget v\u00e4rvi taldrik taldrikureegli illustratsiooniga. V\u00e4ga oluline on tasakaalustatud toitumine, et organism saaks toidust k\u00e4tte k\u00f5ik vajalikud mineraalained, vitamiinid ja p\u00f5hitoitained. Taldrikureegel aitab lihtsal viisil tasakaalustada erinevate vajalike toidugruppide proportsioone.<\/p>\n<p>Disainer Artur Kuus.<\/p>\n<p>Taldrik tuleb kaasa koos punast v\u00e4rvi papist kinke\u00fcmbrisega.<\/p>\n","protected":false},"featured_media":818,"comment_status":"open","ping_status":"closed","template":"","meta":{"_acf_changed":false,"inline_featured_image":false,"_uf_show_specific_survey":0,"_uf_disable_surveys":false},"product_brand":[],"product_cat":[15],"product_tag":[],"class_list":{"0":"post-512","1":"product","2":"type-product","3":"status-publish","4":"has-post-thumbnail","6":"product_cat-uncategorized","8":"first","9":"instock","10":"shipping-taxable","11":"purchasable","12":"product-type-simple"},"acf":[],"_links":{"self":[{"href":"https:\/\/pood.tartuh.ee\/en\/wp-json\/wp\/v2\/product\/512","targetHints":{"allow":["GET"]}}],"collection":[{"href":"https:\/\/pood.tartuh.ee\/en\/wp-json\/wp\/v2\/product"}],"about":[{"href":"https:\/\/pood.tartuh.ee\/en\/wp-json\/wp\/v2\/types\/product"}],"replies":[{"embeddable":true,"href":"https:\/\/pood.tartuh.ee\/en\/wp-json\/wp\/v2\/comments?post=512"}],"wp:featuredmedia":[{"embeddable":true,"href":"https:\/\/pood.tartuh.ee\/en\/wp-json\/wp\/v2\/media\/818"}],"wp:attachment":[{"href":"https:\/\/pood.tartuh.ee\/en\/wp-json\/wp\/v2\/media?parent=512"}],"wp:term":[{"taxonomy":"product_brand","embeddable":true,"href":"https:\/\/pood.tartuh.ee\/en\/wp-json\/wp\/v2\/product_brand?post=512"},{"taxonomy":"product_cat","embeddable":true,"href":"https:\/\/pood.tartuh.ee\/en\/wp-json\/wp\/v2\/product_cat?post=512"},{"taxonomy":"product_tag","embeddable":true,"href":"https:\/\/pood.tartuh.ee\/en\/wp-json\/wp\/v2\/product_tag?post=512"}],"curies":[{"name":"wp","href":"https:\/\/api.w.org\/{rel}","templated":true}]}}