{"id":517,"date":"2023-08-11T12:26:32","date_gmt":"2023-08-11T09:26:32","guid":{"rendered":"https:\/\/pood.tartuh.ee\/nakkushaiguste-ja-epidemioloogia-opik\/"},"modified":"2026-04-01T03:00:10","modified_gmt":"2026-04-01T00:00:10","slug":"nakkushaiguste-ja-epidemioloogia-opik","status":"publish","type":"product","link":"https:\/\/pood.tartuh.ee\/en\/nakkushaiguste-ja-epidemioloogia-opik\/","title":{"rendered":"Nakkushaiguste ja epidemioloogia \u00f5pik"},"content":{"rendered":"","protected":false},"excerpt":{"rendered":"<p>&#8220;Nakkushaiguste ja epidemioloogia \u00f5pik&#8221; on m\u00f5eldud tervishoiu valdkonna \u00fcli\u00f5pilastele. Raamatus &#8220;Nakkushaiguste ja epidemioloogia \u00f5pik&#8221; on kolm suuremat peat\u00fckki: nakkushaiguste \u00fcldosa, nakkushaiguste eriosa ning teemad praktikumides ja seminarides k\u00e4sitlemiseks.<\/p>\n<p>Pehmekaaneline raamat, 296 lk.<br \/>\nAutorid \u00dclle Parm ja Viia Parv. H\u00e4rmametsa talu kirjastus, 2017.<\/p>\n","protected":false},"featured_media":785,"comment_status":"open","ping_status":"closed","template":"","meta":{"_acf_changed":false,"inline_featured_image":false,"_uf_show_specific_survey":0,"_uf_disable_surveys":false},"product_brand":[],"product_cat":[15],"product_tag":[],"class_list":{"0":"post-517","1":"product","2":"type-product","3":"status-publish","4":"has-post-thumbnail","6":"product_cat-uncategorized","8":"first","9":"instock","10":"shipping-taxable","11":"purchasable","12":"product-type-simple"},"acf":[],"_links":{"self":[{"href":"https:\/\/pood.tartuh.ee\/en\/wp-json\/wp\/v2\/product\/517","targetHints":{"allow":["GET"]}}],"collection":[{"href":"https:\/\/pood.tartuh.ee\/en\/wp-json\/wp\/v2\/product"}],"about":[{"href":"https:\/\/pood.tartuh.ee\/en\/wp-json\/wp\/v2\/types\/product"}],"replies":[{"embeddable":true,"href":"https:\/\/pood.tartuh.ee\/en\/wp-json\/wp\/v2\/comments?post=517"}],"wp:featuredmedia":[{"embeddable":true,"href":"https:\/\/pood.tartuh.ee\/en\/wp-json\/wp\/v2\/media\/785"}],"wp:attachment":[{"href":"https:\/\/pood.tartuh.ee\/en\/wp-json\/wp\/v2\/media?parent=517"}],"wp:term":[{"taxonomy":"product_brand","embeddable":true,"href":"https:\/\/pood.tartuh.ee\/en\/wp-json\/wp\/v2\/product_brand?post=517"},{"taxonomy":"product_cat","embeddable":true,"href":"https:\/\/pood.tartuh.ee\/en\/wp-json\/wp\/v2\/product_cat?post=517"},{"taxonomy":"product_tag","embeddable":true,"href":"https:\/\/pood.tartuh.ee\/en\/wp-json\/wp\/v2\/product_tag?post=517"}],"curies":[{"name":"wp","href":"https:\/\/api.w.org\/{rel}","templated":true}]}}