{"id":5817,"date":"2025-06-17T12:43:25","date_gmt":"2025-06-17T09:43:25","guid":{"rendered":"https:\/\/pood.tartuh.ee\/nokamuts-tartuh\/"},"modified":"2026-03-18T14:38:16","modified_gmt":"2026-03-18T12:38:16","slug":"nokamuts-tartuh","status":"publish","type":"product","link":"https:\/\/pood.tartuh.ee\/en\/nokamuts-tartuh\/","title":{"rendered":"Nokam\u00fcts TARTUH"},"content":{"rendered":"","protected":false},"excerpt":{"rendered":"<p>See nokam\u00fcts ei ole lihtsalt aksessuaar \u2013 see on s\u00fcmbol! Kanna uhkusega Tartu Tervishoiu K\u00f5rgkooli vaimu t\u00e4nu modernsele ja mugavale disainile. M\u00fctsi esik\u00fclge kaunistab kvaliteetne \u201eTARTUH.EE\u201c tikand, mis viitab kooli kodulehele, lisades stiilse ja tunnustatava detaili. <\/p>\n<p>Ajatu disain, reguleeritav kinnis ja hingav v\u00f5rkosa tagavad kandmismugavuse igal sammul, olgu see koolis, vabal ajal v\u00f5i \u00f5ues sportides. <\/p>\n<p>Omadused:<br \/>\n\u2013 V\u00e4rvus: hall ja must<br \/>\n\u2013 Reguleeritav suurus<br \/>\n\u2013 Materjal: 10% puuvill, 3% spandex, 87% pol\u00fcester<br \/>\n\u2013 Disain: kvaliteetne tikand \u201eTARTUH.EE\u201c <\/p>\n<p>Lisa oma igap\u00e4eva stiilile kooli vaimu ja kanna nokam\u00fctsi uhkusega! <\/p>\n","protected":false},"featured_media":6870,"comment_status":"open","ping_status":"closed","template":"","meta":{"_acf_changed":false,"inline_featured_image":false,"_uf_show_specific_survey":0,"_uf_disable_surveys":false},"product_brand":[],"product_cat":[15],"product_tag":[],"class_list":{"0":"post-5817","1":"product","2":"type-product","3":"status-publish","4":"has-post-thumbnail","6":"product_cat-uncategorized","8":"first","9":"instock","10":"shipping-taxable","11":"purchasable","12":"product-type-simple"},"acf":[],"_links":{"self":[{"href":"https:\/\/pood.tartuh.ee\/en\/wp-json\/wp\/v2\/product\/5817","targetHints":{"allow":["GET"]}}],"collection":[{"href":"https:\/\/pood.tartuh.ee\/en\/wp-json\/wp\/v2\/product"}],"about":[{"href":"https:\/\/pood.tartuh.ee\/en\/wp-json\/wp\/v2\/types\/product"}],"replies":[{"embeddable":true,"href":"https:\/\/pood.tartuh.ee\/en\/wp-json\/wp\/v2\/comments?post=5817"}],"wp:featuredmedia":[{"embeddable":true,"href":"https:\/\/pood.tartuh.ee\/en\/wp-json\/wp\/v2\/media\/6870"}],"wp:attachment":[{"href":"https:\/\/pood.tartuh.ee\/en\/wp-json\/wp\/v2\/media?parent=5817"}],"wp:term":[{"taxonomy":"product_brand","embeddable":true,"href":"https:\/\/pood.tartuh.ee\/en\/wp-json\/wp\/v2\/product_brand?post=5817"},{"taxonomy":"product_cat","embeddable":true,"href":"https:\/\/pood.tartuh.ee\/en\/wp-json\/wp\/v2\/product_cat?post=5817"},{"taxonomy":"product_tag","embeddable":true,"href":"https:\/\/pood.tartuh.ee\/en\/wp-json\/wp\/v2\/product_tag?post=5817"}],"curies":[{"name":"wp","href":"https:\/\/api.w.org\/{rel}","templated":true}]}}