{"id":5931,"date":"2025-06-18T10:43:26","date_gmt":"2025-06-18T07:43:26","guid":{"rendered":"https:\/\/pood.tartuh.ee\/teepudel-2\/"},"modified":"2026-04-01T13:15:32","modified_gmt":"2026-04-01T10:15:32","slug":"teepudel-2","status":"publish","type":"product","link":"https:\/\/pood.tartuh.ee\/en\/teepudel-2\/","title":{"rendered":"Teepudel"},"content":{"rendered":"","protected":false},"excerpt":{"rendered":"<p>Stiilne ja praktiline klaasist teepudel, mis on loodud nii kuumade kui ka k\u00fclmade jookide nautimiseks. Pudelil on eemaldatav s\u00f5el, mis sobib ideaalselt tee valmistamiseks otse pudelis, kuid soovi korral saab seda kasutada ka tavalise veepudelina.<\/p>\n<p>Pudelit kaunistavad detailirohked illustratsioonid inimese siseelunditest \u2013 silmapaistev disain, mis sobib suurep\u00e4raselt tervishoiuvaldkonna tudengile, spetsialistile v\u00f5i lihtsalt inimesele, kes hindab harivat ja ainulaadset disaini.<\/p>\n<p>Omadused:<\/p>\n<p>&#8211; Mahutavus: 490 ml<br \/>\n&#8211; Materjal: kuumuskindel borosilikaatklaas<br \/>\n&#8211; Kahekordne klaassein hoiab joogi temperatuuri kauem<br \/>\n&#8211; Eemaldatav s\u00f5el<br \/>\n&#8211; Lekkevaba keeratav kork<br \/>\n&#8211; Sobib nii kuumade kui k\u00fclmade jookide jaoks<br \/>\n&#8211; Korduvkasutatav ja keskkonnas\u00f5bralik<\/p>\n<p>V\u00f5ta oma lemmikjook stiilselt kaasa loengusse, t\u00f6\u00f6le v\u00f5i trenni \u2013 ning n\u00e4ita oma huvi anatoomia vastu igal lonksul!<\/p>\n","protected":false},"featured_media":6898,"comment_status":"open","ping_status":"closed","template":"","meta":{"_acf_changed":false,"inline_featured_image":false,"_uf_show_specific_survey":0,"_uf_disable_surveys":false},"product_brand":[],"product_cat":[15],"product_tag":[],"class_list":{"0":"post-5931","1":"product","2":"type-product","3":"status-publish","4":"has-post-thumbnail","6":"product_cat-uncategorized","8":"first","9":"instock","10":"shipping-taxable","11":"purchasable","12":"product-type-simple"},"acf":[],"_links":{"self":[{"href":"https:\/\/pood.tartuh.ee\/en\/wp-json\/wp\/v2\/product\/5931","targetHints":{"allow":["GET"]}}],"collection":[{"href":"https:\/\/pood.tartuh.ee\/en\/wp-json\/wp\/v2\/product"}],"about":[{"href":"https:\/\/pood.tartuh.ee\/en\/wp-json\/wp\/v2\/types\/product"}],"replies":[{"embeddable":true,"href":"https:\/\/pood.tartuh.ee\/en\/wp-json\/wp\/v2\/comments?post=5931"}],"wp:featuredmedia":[{"embeddable":true,"href":"https:\/\/pood.tartuh.ee\/en\/wp-json\/wp\/v2\/media\/6898"}],"wp:attachment":[{"href":"https:\/\/pood.tartuh.ee\/en\/wp-json\/wp\/v2\/media?parent=5931"}],"wp:term":[{"taxonomy":"product_brand","embeddable":true,"href":"https:\/\/pood.tartuh.ee\/en\/wp-json\/wp\/v2\/product_brand?post=5931"},{"taxonomy":"product_cat","embeddable":true,"href":"https:\/\/pood.tartuh.ee\/en\/wp-json\/wp\/v2\/product_cat?post=5931"},{"taxonomy":"product_tag","embeddable":true,"href":"https:\/\/pood.tartuh.ee\/en\/wp-json\/wp\/v2\/product_tag?post=5931"}],"curies":[{"name":"wp","href":"https:\/\/api.w.org\/{rel}","templated":true}]}}